{"id":946,"date":"2014-09-26T12:58:09","date_gmt":"2014-09-26T12:58:09","guid":{"rendered":"http:\/\/apicona-data.thememount.com\/?page_id=946"},"modified":"2022-08-31T01:59:55","modified_gmt":"2022-08-31T01:59:55","slug":"actualidad-legal","status":"publish","type":"page","link":"https:\/\/unionasesoresjuridicos.com.co\/index.php\/actualidad-legal\/","title":{"rendered":"Actualidad Legal"},"content":{"rendered":"<section class=\"wpb-content-wrapper\"><p>[vc_row][vc_column]<div class=\"row thememount-blog-boxes-wrapper thememount-blog-view-default thememount-effect-default thememount-items-col-two   \" id=\"thememount-blog-id-25702316\" ><div class=\"thememount-blog-text col-xs-12 col-sm-12 col-md-12 col-lg-12\"><\/div><div class=\"thememount-blog-boxes col-xs-12 col-sm-12 col-md-12 col-lg-12\"><div class=\"thememount-blog-boxes-inner row multi-columns-row thememount-items-wrapper \">\r\n\t\t<article class=\"post-box tm-box col-lg-6 col-sm-6 col-md-6 col-xs-12 thememount-blogbox-format-standard noticias\">\r\n\t\t\t<div class=\"post-item\">\r\n\t\t\t\t\t<div class=\"post-item-thumbnail-inner\"><div class=\"thememount-blog-media entry-thumbnail\"><img loading=\"lazy\" decoding=\"async\" width=\"1060\" height=\"601\" src=\"https:\/\/unionasesoresjuridicos.com.co\/wp-content\/uploads\/2023\/06\/PreguntaDOS-1060x601.jpg\" class=\"attachment-digitallaw-blog-two-column size-digitallaw-blog-two-column wp-post-image\" alt=\"\"><a href=\"https:\/\/unionasesoresjuridicos.com.co\/index.php\/2023\/06\/23\/que-es-el-registro-unico-de-beneficiarios-finales-rub\/\"><span class=\"overthumb\"><i class=\"tm-social-icon-plus\"><\/i><\/span><\/a><\/div><a href=\"https:\/\/unionasesoresjuridicos.com.co\/index.php\/2023\/06\/23\/que-es-el-registro-unico-de-beneficiarios-finales-rub\/\"><span class=\"overthumb\"><i class=\"tm-social-icon-plus\"><\/i><\/span><\/a><\/div>\r\n\t\t\t\t<div class=\"item-content\">\r\n\t\t\t\t\t<h4><a href=\"https:\/\/unionasesoresjuridicos.com.co\/index.php\/2023\/06\/23\/que-es-el-registro-unico-de-beneficiarios-finales-rub\/\">\u00bfQu\u00e9 es el Registro \u00danico de Beneficiarios Finales &#8211; RUB?<\/a><\/h4>\t\t\t\r\n\t\t\t\t\t<div class=\"thememount-blogbox-desc\">\r\n\t\t\t\t\t\tEl RUB es el registro a trav\u00e9s del cual las personas jur\u00eddicas y estructuras sin personer\u00eda jur\u00eddica, o similares, deben suministrar la informaci\u00f3n de sus beneficiarios finales\r\n\t\t\t\t\t\t<div class=\"tm-blogbox-footer-meta\">\r\n\t\t\t\t\t\t<div class=\"tm-blogbox-date\"><i class=\"demo-icon tm-social-icon-calendar\"><\/i> 23 de junio de 2023<\/div>\r\n\t\t\t\t\t\t<div class=\"tm-blogbox-comment\"><i class=\"demo-icon tm-social-icon-comment-1\"><\/i> <\/div>\r\n\t\t\t\t\t\t<\/div>\r\n\t\t\t\t\t<\/div>\r\n\t\t\t\t<\/div>\r\n\t\t\t<\/div>\r\n\t\t<\/article>\r\n\t\r\n\t\t<article class=\"post-box tm-box col-lg-6 col-sm-6 col-md-6 col-xs-12 thememount-blogbox-format-standard noticias\">\r\n\t\t\t<div class=\"post-item\">\r\n\t\t\t\t\t<div class=\"post-item-thumbnail-inner\"><div class=\"thememount-blog-media entry-thumbnail\"><img loading=\"lazy\" decoding=\"async\" width=\"500\" height=\"333\" src=\"https:\/\/unionasesoresjuridicos.com.co\/wp-content\/uploads\/2023\/03\/FOTO-PACHO.png\" class=\"attachment-digitallaw-blog-two-column size-digitallaw-blog-two-column wp-post-image\" alt=\"\"><a href=\"https:\/\/unionasesoresjuridicos.com.co\/index.php\/2023\/03\/06\/un-alma-verde-para-bogota-ing-forestal-francisco-bocanegra\/\"><span class=\"overthumb\"><i class=\"tm-social-icon-plus\"><\/i><\/span><\/a><\/div><a href=\"https:\/\/unionasesoresjuridicos.com.co\/index.php\/2023\/03\/06\/un-alma-verde-para-bogota-ing-forestal-francisco-bocanegra\/\"><span class=\"overthumb\"><i class=\"tm-social-icon-plus\"><\/i><\/span><\/a><\/div>\r\n\t\t\t\t<div class=\"item-content\">\r\n\t\t\t\t\t<h4><a href=\"https:\/\/unionasesoresjuridicos.com.co\/index.php\/2023\/03\/06\/un-alma-verde-para-bogota-ing-forestal-francisco-bocanegra\/\">Un Alma Verde para Bogot\u00e1. (Ing. Forestal Francisco Bocanegra)<\/a><\/h4>\t\t\t\r\n\t\t\t\t\t<div class=\"thememount-blogbox-desc\">\r\n\t\t\t\t\t\tEn medio del esc\u00e1ndalo que dice que los \u00e1rboles de Bogot\u00e1 est\u00e1n siendo talados indiscriminadamente, aqu\u00ed va un perfil de uno de los hombres que m\u00e1s sabe del tema, un ingeniero forestal, abogado apasionado por la protecci\u00f3n de cada una de las plantas bogotanas y coautor de dos libros sobre el tema. Los invitamos a leer este art\u00edculo de la Revista Credencial.\r\n\t\t\t\t\t\t<div class=\"tm-blogbox-footer-meta\">\r\n\t\t\t\t\t\t<div class=\"tm-blogbox-date\"><i class=\"demo-icon tm-social-icon-calendar\"><\/i> 6 de marzo de 2023<\/div>\r\n\t\t\t\t\t\t<div class=\"tm-blogbox-comment\"><i class=\"demo-icon tm-social-icon-comment-1\"><\/i> <\/div>\r\n\t\t\t\t\t\t<\/div>\r\n\t\t\t\t\t<\/div>\r\n\t\t\t\t<\/div>\r\n\t\t\t<\/div>\r\n\t\t<\/article>\r\n\t\r\n\t\t<article class=\"post-box tm-box col-lg-6 col-sm-6 col-md-6 col-xs-12 thememount-blogbox-format-standard especiales\">\r\n\t\t\t<div class=\"post-item\">\r\n\t\t\t\t\t<div class=\"post-item-thumbnail-inner\"><div class=\"thememount-blog-media entry-thumbnail\"><img loading=\"lazy\" decoding=\"async\" width=\"1110\" height=\"601\" src=\"https:\/\/unionasesoresjuridicos.com.co\/wp-content\/uploads\/2022\/09\/businessman-reading-contract-closeup-1110x601.jpg\" class=\"attachment-digitallaw-blog-two-column size-digitallaw-blog-two-column wp-post-image\" alt=\"\"><a href=\"https:\/\/unionasesoresjuridicos.com.co\/index.php\/2023\/02\/24\/que-es-un-estudio-de-titulos\/\"><span class=\"overthumb\"><i class=\"tm-social-icon-plus\"><\/i><\/span><\/a><\/div><a href=\"https:\/\/unionasesoresjuridicos.com.co\/index.php\/2023\/02\/24\/que-es-un-estudio-de-titulos\/\"><span class=\"overthumb\"><i class=\"tm-social-icon-plus\"><\/i><\/span><\/a><\/div>\r\n\t\t\t\t<div class=\"item-content\">\r\n\t\t\t\t\t<h4><a href=\"https:\/\/unionasesoresjuridicos.com.co\/index.php\/2023\/02\/24\/que-es-un-estudio-de-titulos\/\">\u00bfQU\u00c9 ES UN ESTUDIO DE TITULOS?<\/a><\/h4>\t\t\t\r\n\t\t\t\t\t<div class=\"thememount-blogbox-desc\">\r\n\t\t\t\t\t\t\u00bfQU\u00c9 ES UN ESTUDIO DE TITULOS?Es \u00a0el an\u00e1lisis que se realiza para conocer la situaci\u00f3n jur\u00eddica del inmueble,\u00a0 desde el punto de vista de su derecho de dominio y de su t\u00edtulo traslaticio de dominio.\r\n\t\t\t\t\t\t<div class=\"tm-blogbox-footer-meta\">\r\n\t\t\t\t\t\t<div class=\"tm-blogbox-date\"><i class=\"demo-icon tm-social-icon-calendar\"><\/i> 24 de febrero de 2023<\/div>\r\n\t\t\t\t\t\t<div class=\"tm-blogbox-comment\"><i class=\"demo-icon tm-social-icon-comment-1\"><\/i> <\/div>\r\n\t\t\t\t\t\t<\/div>\r\n\t\t\t\t\t<\/div>\r\n\t\t\t\t<\/div>\r\n\t\t\t<\/div>\r\n\t\t<\/article>\r\n\t\r\n\t\t<article class=\"post-box tm-box col-lg-6 col-sm-6 col-md-6 col-xs-12 thememount-blogbox-format-standard especiales\">\r\n\t\t\t<div class=\"post-item\">\r\n\t\t\t\t\t<div class=\"post-item-thumbnail-inner\"><div class=\"thememount-blog-media entry-thumbnail\"><img loading=\"lazy\" decoding=\"async\" width=\"984\" height=\"601\" src=\"https:\/\/unionasesoresjuridicos.com.co\/wp-content\/uploads\/2022\/08\/group-of-diverse-telemarketing-customer-service-st-MPFLD82.jpg\" class=\"attachment-digitallaw-blog-two-column size-digitallaw-blog-two-column wp-post-image\" alt=\"\"><a href=\"https:\/\/unionasesoresjuridicos.com.co\/index.php\/2023\/02\/16\/como-atender-pqrs\/\"><span class=\"overthumb\"><i class=\"tm-social-icon-plus\"><\/i><\/span><\/a><\/div><a href=\"https:\/\/unionasesoresjuridicos.com.co\/index.php\/2023\/02\/16\/como-atender-pqrs\/\"><span class=\"overthumb\"><i class=\"tm-social-icon-plus\"><\/i><\/span><\/a><\/div>\r\n\t\t\t\t<div class=\"item-content\">\r\n\t\t\t\t\t<h4><a href=\"https:\/\/unionasesoresjuridicos.com.co\/index.php\/2023\/02\/16\/como-atender-pqrs\/\">\u00bfC\u00f3mo Atender PQRS?<\/a><\/h4>\t\t\t\r\n\t\t\t\t\t<div class=\"thememount-blogbox-desc\">\r\n\t\t\t\t\t\tEn los \u00faltimos d\u00edas, han llegado muchas inquietudes sobre que es una PQRS, y si una entidad privada o p\u00fablica tiene alguna implicaci\u00f3n legal si deja de contestar una PQRS.\r\n\t\t\t\t\t\t<div class=\"tm-blogbox-footer-meta\">\r\n\t\t\t\t\t\t<div class=\"tm-blogbox-date\"><i class=\"demo-icon tm-social-icon-calendar\"><\/i> 16 de febrero de 2023<\/div>\r\n\t\t\t\t\t\t<div class=\"tm-blogbox-comment\"><i class=\"demo-icon tm-social-icon-comment-1\"><\/i> <\/div>\r\n\t\t\t\t\t\t<\/div>\r\n\t\t\t\t\t<\/div>\r\n\t\t\t\t<\/div>\r\n\t\t\t<\/div>\r\n\t\t<\/article>\r\n\t\r\n\t\t<article class=\"post-box tm-box col-lg-6 col-sm-6 col-md-6 col-xs-12 thememount-blogbox-format-standard especiales\">\r\n\t\t\t<div class=\"post-item\">\r\n\t\t\t\t\t<div class=\"post-item-thumbnail-inner\"><div class=\"thememount-blog-media entry-thumbnail\"><img loading=\"lazy\" decoding=\"async\" width=\"900\" height=\"500\" src=\"https:\/\/unionasesoresjuridicos.com.co\/wp-content\/uploads\/2023\/02\/CorteConstitucionalColombia.jpg\" class=\"attachment-digitallaw-blog-two-column size-digitallaw-blog-two-column wp-post-image\" alt=\"\"><a href=\"https:\/\/unionasesoresjuridicos.com.co\/index.php\/2023\/02\/15\/documental-corte-constitucional-30-anos-salvaguardando-los-derechos-fundamentales-y-la-democracia\/\"><span class=\"overthumb\"><i class=\"tm-social-icon-plus\"><\/i><\/span><\/a><\/div><a href=\"https:\/\/unionasesoresjuridicos.com.co\/index.php\/2023\/02\/15\/documental-corte-constitucional-30-anos-salvaguardando-los-derechos-fundamentales-y-la-democracia\/\"><span class=\"overthumb\"><i class=\"tm-social-icon-plus\"><\/i><\/span><\/a><\/div>\r\n\t\t\t\t<div class=\"item-content\">\r\n\t\t\t\t\t<h4><a href=\"https:\/\/unionasesoresjuridicos.com.co\/index.php\/2023\/02\/15\/documental-corte-constitucional-30-anos-salvaguardando-los-derechos-fundamentales-y-la-democracia\/\">Documental: Corte Constitucional, 30 a\u00f1os salvaguardando los derechos fundamentales y la democracia<\/a><\/h4>\t\t\t\r\n\t\t\t\t\t<div class=\"thememount-blogbox-desc\">\r\n\t\t\t\t\t\tDocumental: Corte Constitucional, 30 a\u00f1os salvaguardando los derechos fundamentales y la democracia\r\n\t\t\t\t\t\t<div class=\"tm-blogbox-footer-meta\">\r\n\t\t\t\t\t\t<div class=\"tm-blogbox-date\"><i class=\"demo-icon tm-social-icon-calendar\"><\/i> 15 de febrero de 2023<\/div>\r\n\t\t\t\t\t\t<div class=\"tm-blogbox-comment\"><i class=\"demo-icon tm-social-icon-comment-1\"><\/i> No Comments<\/div>\r\n\t\t\t\t\t\t<\/div>\r\n\t\t\t\t\t<\/div>\r\n\t\t\t\t<\/div>\r\n\t\t\t<\/div>\r\n\t\t<\/article>\r\n\t\r\n\t\t<article class=\"post-box tm-box col-lg-6 col-sm-6 col-md-6 col-xs-12 thememount-blogbox-format-standard especiales\">\r\n\t\t\t<div class=\"post-item\">\r\n\t\t\t\t\t<div class=\"post-item-thumbnail-inner\"><div class=\"thememount-blog-media entry-thumbnail\"><img loading=\"lazy\" decoding=\"async\" width=\"1110\" height=\"601\" src=\"https:\/\/unionasesoresjuridicos.com.co\/wp-content\/uploads\/2022\/09\/closeup-shot-of-person-with-gavel-in-hand-and-papers-on-the-table-1110x601.jpg\" class=\"attachment-digitallaw-blog-two-column size-digitallaw-blog-two-column wp-post-image\" alt=\"\"><a href=\"https:\/\/unionasesoresjuridicos.com.co\/index.php\/2022\/10\/26\/la-expropiacion-en-colombia\/\"><span class=\"overthumb\"><i class=\"tm-social-icon-plus\"><\/i><\/span><\/a><\/div><a href=\"https:\/\/unionasesoresjuridicos.com.co\/index.php\/2022\/10\/26\/la-expropiacion-en-colombia\/\"><span class=\"overthumb\"><i class=\"tm-social-icon-plus\"><\/i><\/span><\/a><\/div>\r\n\t\t\t\t<div class=\"item-content\">\r\n\t\t\t\t\t<h4><a href=\"https:\/\/unionasesoresjuridicos.com.co\/index.php\/2022\/10\/26\/la-expropiacion-en-colombia\/\">La Expropiaci\u00f3n en Colombia<\/a><\/h4>\t\t\t\r\n\t\t\t\t\t<div class=\"thememount-blogbox-desc\">\r\n\t\t\t\t\t\tHoy hablaremos de un tema que fue muy sonado en tiempos de campa\u00f1a y elecciones presidenciales, despertando muchas discusiones tanto positivas como negativas dependiendo del color de la bandera, no es mi inter\u00e9s dar la raz\u00f3n a un lado o al otro, simplemente es la interpretaci\u00f3n desde el pensamiento del aula de clase.\r\n\t\t\t\t\t\t<div class=\"tm-blogbox-footer-meta\">\r\n\t\t\t\t\t\t<div class=\"tm-blogbox-date\"><i class=\"demo-icon tm-social-icon-calendar\"><\/i> 26 de octubre de 2022<\/div>\r\n\t\t\t\t\t\t<div class=\"tm-blogbox-comment\"><i class=\"demo-icon tm-social-icon-comment-1\"><\/i> <\/div>\r\n\t\t\t\t\t\t<\/div>\r\n\t\t\t\t\t<\/div>\r\n\t\t\t\t<\/div>\r\n\t\t\t<\/div>\r\n\t\t<\/article>\r\n\t<\/div><\/div><\/div>[\/vc_column][\/vc_row]<\/p>\n<\/section>","protected":false},"excerpt":{"rendered":"<p>[vc_row][vc_column][\/vc_column][\/vc_row]<\/p>\n","protected":false},"author":2,"featured_media":0,"parent":0,"menu_order":58,"comment_status":"closed","ping_status":"closed","template":"","meta":{"_joinchat":[],"footnotes":""},"class_list":["post-946","page","type-page","status-publish","hentry"],"_links":{"self":[{"href":"https:\/\/unionasesoresjuridicos.com.co\/index.php\/wp-json\/wp\/v2\/pages\/946","targetHints":{"allow":["GET"]}}],"collection":[{"href":"https:\/\/unionasesoresjuridicos.com.co\/index.php\/wp-json\/wp\/v2\/pages"}],"about":[{"href":"https:\/\/unionasesoresjuridicos.com.co\/index.php\/wp-json\/wp\/v2\/types\/page"}],"author":[{"embeddable":true,"href":"https:\/\/unionasesoresjuridicos.com.co\/index.php\/wp-json\/wp\/v2\/users\/2"}],"replies":[{"embeddable":true,"href":"https:\/\/unionasesoresjuridicos.com.co\/index.php\/wp-json\/wp\/v2\/comments?post=946"}],"version-history":[{"count":1,"href":"https:\/\/unionasesoresjuridicos.com.co\/index.php\/wp-json\/wp\/v2\/pages\/946\/revisions"}],"predecessor-version":[{"id":11110,"href":"https:\/\/unionasesoresjuridicos.com.co\/index.php\/wp-json\/wp\/v2\/pages\/946\/revisions\/11110"}],"wp:attachment":[{"href":"https:\/\/unionasesoresjuridicos.com.co\/index.php\/wp-json\/wp\/v2\/media?parent=946"}],"curies":[{"name":"wp","href":"https:\/\/api.w.org\/{rel}","templated":true}]}}