{"id":11421,"date":"2022-10-04T21:45:30","date_gmt":"2022-10-04T21:45:30","guid":{"rendered":"https:\/\/unionasesoresjuridicos.com.co\/?page_id=11421"},"modified":"2024-03-01T01:46:00","modified_gmt":"2024-03-01T01:46:00","slug":"politica-de-cookies","status":"publish","type":"page","link":"https:\/\/unionasesoresjuridicos.com.co\/index.php\/politica-de-cookies\/","title":{"rendered":"Pol\u00edtica de Cookies"},"content":{"rendered":"<section class=\"wpb-content-wrapper\"><p>[vc_row][vc_column][vc_column_text]<strong>Uni\u00f3n Asesores &amp; Consultores Jur\u00eddicos S.A.S<\/strong>, informa acerca del uso de las cookies en su p\u00e1gina web p\u00e1gina Web <strong><a href=\"http:\/\/www.unionasesoresjuridicos.com.co\">www.unionasesoresjuridicos.com.co<\/a><\/strong><\/p>\n<p><strong>Entidad Responsable<\/strong><br \/>\nLa entidad responsable de la recogida, procesamiento y utilizaci\u00f3n de tus datos personales, a trav\u00e9s de las cookies, en la p\u00e1gina Web <a href=\"http:\/\/www.unionasesoresjuridicos.com.co\"><strong>www.unionasesoresjuridicos.com.co<\/strong><\/a>, en el sentido establecido por la Ley de Protecci\u00f3n de Datos Personales es <strong>Uni\u00f3n Asesores &amp; Consultores Jur\u00eddicos S.A.S<\/strong>, Firma de Abogados legalmente constituida bajo las Leyes Colombiana, Identificada con el Nit 901.498.836-6, domiciliada Bogot\u00e1 D.C., Colombia y ubicada f\u00edsicamente en la Cra 11 No. 71-41 Oficina 504 &#8211; Bogot\u00e1 D.C, tel\u00e9fono de contacto +57 310 2416469, correo electr\u00f3nico <a href=\"mailto:info@unionasesoresjuridicos.com.co\"><strong>info@unionasesoresjuridicos.com.co.<\/strong><\/a><\/p>\n<p><strong>\u00bfQu\u00e9 son las cookies?<\/strong><br \/>\nLas cookies son archivos que se pueden descargar en su equipo a trav\u00e9s de las p\u00e1ginas web. Son herramientas que tienen un papel esencial para la prestaci\u00f3n de numerosos servicios de la sociedad de la informaci\u00f3n. Entre otros, permiten a una p\u00e1gina web almacenar y recuperar informaci\u00f3n sobre los h\u00e1bitos de navegaci\u00f3n de un usuario o de su equipo y, dependiendo de la informaci\u00f3n obtenida, se pueden utilizar para reconocer al usuario y mejorar el servicio ofrecido.<\/p>\n<p><strong>Tipos de cookies<\/strong><br \/>\nSeg\u00fan quien sea la entidad que gestione el dominio desde donde se env\u00edan las cookies y trate los datos que se obtengan se pueden distinguir dos tipos:<\/p>\n<ul>\n<li>Cookies propias: aqu\u00e9llas que se env\u00edan al equipo terminal del usuario desde un equipo o dominio gestionado por el propio editor y desde el que se presta el servicio solicitado por el usuario.<\/li>\n<li>Cookies de terceros: aqu\u00e9llas que se env\u00edan al equipo terminal del usuario desde un equipo o dominio que no es gestionado por el editor, sino por otra entidad que trata los datos obtenidos trav\u00e9s de las cookies.Por \u00faltimo, existe otra clasificaci\u00f3n seg\u00fan la finalidad para la que se traten los datos obtenidos:<\/li>\n<li>Cookies t\u00e9cnicas: aquellas que permiten al usuario la navegaci\u00f3n a trav\u00e9s de una p\u00e1gina web, plataforma o aplicaci\u00f3n y la utilizaci\u00f3n de las diferentes opciones o servicios que en ella existan como, por ejemplo, controlar el tr\u00e1fico y la comunicaci\u00f3n de datos, identificar la sesi\u00f3n, acceder a partes de acceso restringido, recordar los elementos que integran un pedido, realizar el proceso de compra de un pedido, realizar la solicitud de inscripci\u00f3n o participaci\u00f3n en un evento, utilizar elementos de seguridad durante la navegaci\u00f3n, almacenar contenidos para la difusi\u00f3n de v\u00eddeos o sonido o compartir contenidos a trav\u00e9s de redes sociales.<\/li>\n<li>Cookies de personalizaci\u00f3n: permiten al usuario acceder al servicio con algunas caracter\u00edsticas de car\u00e1cter general predefinidas en funci\u00f3n de una serie de criterios en el terminal del usuario como por ejemplo serian el idioma, el tipo de navegador a trav\u00e9s del cual accede al servicio, la configuraci\u00f3n regional desde donde accede al servicio, etc.<\/li>\n<li>Cookies de an\u00e1lisis: permiten al responsable de las mismas, el seguimiento y an\u00e1lisis del comportamiento de los usuarios de los sitios web a los que est\u00e1n vinculadas. La informaci\u00f3n recogida mediante este tipo de cookies se utiliza en la medici\u00f3n de la actividad de los sitios web, aplicaci\u00f3n o plataforma y para la elaboraci\u00f3n de perfiles de navegaci\u00f3n de los usuarios de dichos sitios, aplicaciones y plataformas, con el fin de introducir mejoras en funci\u00f3n del an\u00e1lisis de los datos de uso que hacen los usuarios del servicio.<\/li>\n<li>Cookies publicitarias: permiten la gesti\u00f3n, de la forma m\u00e1s eficaz posible, de los espacios publicitarios.<\/li>\n<li>Cookies de publicidad comportamental: almacenan informaci\u00f3n del comportamiento de los usuarios obtenida a trav\u00e9s de la observaci\u00f3n continuada de sus h\u00e1bitos de navegaci\u00f3n, lo que permite desarrollar un perfil espec\u00edfico para mostrar publicidad en funci\u00f3n del mismo.<\/li>\n<li>Cookies de redes sociales externas: se utilizan para que los visitantes puedan interactuar con el contenido de diferentes plataformas sociales (facebook, youtube, twitter, linkedIn, etc.) y que se generen \u00fanicamente para los usuarios de dichas redes sociales. Las condiciones de utilizaci\u00f3n de estas cookies y la informaci\u00f3n recopilada se regula por la pol\u00edtica de privacidad de la plataforma social correspondiente.<\/li>\n<\/ul>\n<p><strong>Desactivaci\u00f3n y eliminaci\u00f3n de cookies<\/strong><\/p>\n<p>Usted como titular de la Informaci\u00f3n tienes la opci\u00f3n de permitir, bloquear o eliminar las cookies instaladas en su equipo mediante la configuraci\u00f3n de las opciones del navegador instalado en su equipo. Al desactivar cookies, algunos de los servicios disponibles podr\u00edan dejar de estar operativos. La forma de deshabilitar las cookies es diferente para cada navegador, pero normalmente puede hacerse desde el men\u00fa Herramientas u Opciones. Tambi\u00e9n puede consultarse el men\u00fa de Ayuda del navegador d\u00f3nde puedes encontrar instrucciones. El usuario podr\u00e1 en cualquier momento elegir qu\u00e9 cookies quiere que funcionen en este sitio web.<\/p>\n<p>Puede usted permitir, bloquear o eliminar las cookies instaladas en su equipo mediante la configuraci\u00f3n de las opciones del navegador instalado en su ordenador:<\/p>\n<p>Para m\u00e1s informaci\u00f3n sobre la administraci\u00f3n de las cookies en Google Chrome: <strong><a href=\"https:\/\/support.google.com\/chrome\/answer\/95647?hl=es\" target=\"_blank\" rel=\"noopener\">https:\/\/support.google.com\/chrome\/answer\/95647?hl=es<\/a><\/strong><\/p>\n<p>Para m\u00e1s informaci\u00f3n sobre la administraci\u00f3n de las cookies en Internet Explorer: <strong><a href=\"http:\/\/windows.microsoft.com\/es-es\/windows-vista\/cookies-frequently-asked-questions\" target=\"_blank\" rel=\"noopener\">http:\/\/windows.microsoft.com\/es-es\/windows-vista\/cookies-frequently-asked-questions<\/a><\/strong><\/p>\n<p>Para m\u00e1s informaci\u00f3n sobre la administraci\u00f3n de las cookies en Mozilla Firefox: <strong><a href=\"http:\/\/support.mozilla.org\/es\/kb\/habilitar-y-deshabilitar-cookies-que-los-sitios-we\" target=\"_blank\" rel=\"noopener\">http:\/\/support.mozilla.org\/es\/kb\/habilitar-y-deshabilitar-cookies-que-los-sitios-we<\/a><\/strong><\/p>\n<p>Para m\u00e1s informaci\u00f3n sobre la administraci\u00f3n de las cookies en Safari: <strong><a href=\"http:\/\/www.apple.com\/es\/privacy\/use-of-cookies\/\" target=\"_blank\" rel=\"noopener\">http:\/\/www.apple.com\/es\/privacy\/use-of-cookies\/<\/a><\/strong><\/p>\n<p>Para m\u00e1s informaci\u00f3n sobre la administraci\u00f3n de las cookies en Opera: <strong><a href=\"http:\/\/help.opera.com\/Windows\/11.50\/es-ES\/cookies.html\" target=\"_blank\" rel=\"noopener\">http:\/\/help.opera.com\/Windows\/11.50\/es-ES\/cookies.html<\/a><\/strong><\/p>\n<p>Si desea dejar de ser seguido por Google Analytics visite: <strong><a href=\"http:\/\/tools.google.com\/dlpage\/gaoptout\" target=\"_blank\" rel=\"noopener\">http:\/\/tools.google.com\/dlpage\/gaoptout<\/a><\/strong><\/p>\n<p><strong>Declaraci\u00f3n de cookies utilizadas<\/strong><\/p>\n<p>Las cookies utilizadas en nuestro sitio web, son de sesi\u00f3n y de terceros, y nos permiten almacenar y acceder a informaci\u00f3n relativa al idioma, el tipo de navegador utilizado, y otras caracter\u00edsticas generales predefinidas por el usuario, as\u00ed como, seguir y analizar la actividad que lleva a cabo, con el objeto de introducir mejoras y prestar nuestros servicios de una manera m\u00e1s eficiente y personalizada.<\/p>\n<p>Las cookies, en funci\u00f3n de su permanencia, pueden dividirse en cookies de sesi\u00f3n o permanentes. Las que expiran cuando el usuario cierra el navegador. Las que expiran en funci\u00f3n de cuando se cumpla el objetivo para el que sirven (por ejemplo, para que el usuario se mantenga identificado en los servicios <strong>Uni\u00f3n Asesores &amp; Consultores Jur\u00eddicos S.A.S<\/strong>) o bien cuando se borran manualmente.<\/p>\n<p><strong>Aceptaci\u00f3n de la Pol\u00edtica de cookies<\/strong><br \/>\nwww.unionasesoresjuridicos.com.co asume que usted acepta el uso de cookies. No obstante, muestra informaci\u00f3n sobre su Pol\u00edtica de cookies en la parte inferior o superior de cualquier p\u00e1gina del portal con cada inicio de sesi\u00f3n con el objeto de que usted sea consciente.<\/p>\n<p>Ante esta informaci\u00f3n es posible llevar a cabo las siguientes acciones:<\/p>\n<ul>\n<li>Aceptar cookies. No se volver\u00e1 a visualizar este aviso al acceder a cualquier p\u00e1gina del portal durante la presente sesi\u00f3n.<\/li>\n<li>Cerrar. Se oculta el aviso en la presente p\u00e1gina.<\/li>\n<li>Modificar su configuraci\u00f3n. Podr\u00e1 obtener m\u00e1s informaci\u00f3n sobre qu\u00e9 son las cookies, conocer la Pol\u00edtica de cookies de <strong><a href=\"http:\/\/www.unionasesoresjuridicos.com.co\">www.unionasesoresjuridicos.com.co<\/a><\/strong> y modificar la configuraci\u00f3n de su navegador.<\/li>\n<\/ul>\n<p><strong>Actualizaciones y cambios en la pol\u00edtica de privacidad\/cookies<\/strong><\/p>\n<p>La website <strong><a href=\"http:\/\/www.unionasesoresjuridicos.com.co\">www.unionasesoresjuridicos.com.co<\/a><\/strong> pueden modificar esta Pol\u00edtica de Cookies en funci\u00f3n de exigencias legislativas, reglamentarias, o con la finalidad de adaptar dicha pol\u00edtica a las instrucciones dictadas por la Agencia colombiana de Protecci\u00f3n de Datos, por ello se aconseja a los usuarios que la visiten peri\u00f3dicamente.<\/p>\n<p>Cuando se produzcan cambios significativos en esta Pol\u00edtica de Cookies, estos se comunicar\u00e1n a los usuarios bien mediante la web o a trav\u00e9s de correo electr\u00f3nico a los usuarios registrados.[\/vc_column_text][\/vc_column][\/vc_row]<\/p>\n<\/section>","protected":false},"excerpt":{"rendered":"<p>[vc_row][vc_column][vc_column_text]Uni\u00f3n Asesores &amp; Consultores Jur\u00eddicos S.A.S, informa acerca del uso de las cookies en su p\u00e1gina web p\u00e1gina Web www.unionasesoresjuridicos.com.co Entidad Responsable La entidad responsable de la recogida, procesamiento y utilizaci\u00f3n de tus datos personales, a trav\u00e9s de las cookies, en la p\u00e1gina Web www.unionasesoresjuridicos.com.co, en el sentido establecido por la Ley de Protecci\u00f3n de [&hellip;]<\/p>\n","protected":false},"author":2,"featured_media":0,"parent":0,"menu_order":0,"comment_status":"closed","ping_status":"closed","template":"","meta":{"_joinchat":[],"footnotes":""},"class_list":["post-11421","page","type-page","status-publish","hentry"],"_links":{"self":[{"href":"https:\/\/unionasesoresjuridicos.com.co\/index.php\/wp-json\/wp\/v2\/pages\/11421","targetHints":{"allow":["GET"]}}],"collection":[{"href":"https:\/\/unionasesoresjuridicos.com.co\/index.php\/wp-json\/wp\/v2\/pages"}],"about":[{"href":"https:\/\/unionasesoresjuridicos.com.co\/index.php\/wp-json\/wp\/v2\/types\/page"}],"author":[{"embeddable":true,"href":"https:\/\/unionasesoresjuridicos.com.co\/index.php\/wp-json\/wp\/v2\/users\/2"}],"replies":[{"embeddable":true,"href":"https:\/\/unionasesoresjuridicos.com.co\/index.php\/wp-json\/wp\/v2\/comments?post=11421"}],"version-history":[{"count":5,"href":"https:\/\/unionasesoresjuridicos.com.co\/index.php\/wp-json\/wp\/v2\/pages\/11421\/revisions"}],"predecessor-version":[{"id":11543,"href":"https:\/\/unionasesoresjuridicos.com.co\/index.php\/wp-json\/wp\/v2\/pages\/11421\/revisions\/11543"}],"wp:attachment":[{"href":"https:\/\/unionasesoresjuridicos.com.co\/index.php\/wp-json\/wp\/v2\/media?parent=11421"}],"curies":[{"name":"wp","href":"https:\/\/api.w.org\/{rel}","templated":true}]}}