{"id":11353,"date":"2022-09-26T15:51:57","date_gmt":"2022-09-26T15:51:57","guid":{"rendered":"https:\/\/unionasesoresjuridicos.com.co\/?page_id=11353"},"modified":"2024-03-01T02:25:14","modified_gmt":"2024-03-01T02:25:14","slug":"politica-de-tratamiento-de-datos","status":"publish","type":"page","link":"https:\/\/unionasesoresjuridicos.com.co\/index.php\/politica-de-tratamiento-de-datos\/","title":{"rendered":"Pol\u00edtica de Tratamiento de Datos"},"content":{"rendered":"<section class=\"wpb-content-wrapper\"><p>[vc_row][vc_column][vc_column_text]<\/p>\n<h1 style=\"text-align: center;\">Pol\u00edtica de Tratamiento de Datos<\/h1>\n<p>[\/vc_column_text][vc_column_text]Uni\u00f3n Asesores &amp; Consultores Jur\u00eddicos S.A.S, es una Firma de Abogados Identificada con el Nit 901.498.836-6, domiciliada Bogot\u00e1 D.C., Colombia y ubicada en la Cra 11 No. 71-41 Oficina 504, tel\u00e9fono de contacto +57 310 2416469, p\u00e1gina Web www.unionasesoresjuridicos.com.co correo electr\u00f3nico info@unionasesoresjuridicos.com.co, quienes en adelante y para efectos de la presente Pol\u00edtica (se denominar\u00e1 \u201cLa Firma\u201d), por considerarse Responsable del Tratamiento de Datos Personales, en los t\u00e9rminos del art\u00edculo 3 de la Ley 1581 de 2012 y estar comprometido a garantizar la protecci\u00f3n de los datos personales de sus clientes, proveedores, accionistas, acreedores, deudores, trabajadores, familiares de estos y terceros (en adelante los \u201cTitular(es) de informaci\u00f3n\u201d, \u201cTitular(es) de datos personales\u201d ), pone en conocimiento a ellos y al p\u00fablico en general la presente Pol\u00edtica de Tratamiento de Datos Personales (en adelante \u201cLa Pol\u00edtica\u201d) que regula la recolecci\u00f3n, almacenamiento, uso, circulaci\u00f3n y supresi\u00f3n de datos personales que han sido recolectados o llegase a recolectar a trav\u00e9s de los canales que tiene establecido La Firma en el curso de su actividad comercial desde su constituci\u00f3n.<br \/>\nTodo lo anterior, de conformidad con lo dispuesto en el art\u00edculo 15 de la Constituci\u00f3n Pol\u00edtica, la Resoluci\u00f3n 3066 de 2011, la Ley 1581 de 2012 y el Decreto Reglamentario 1377 de 2013, y todas aquellas normas que las reglamenten, adicionen, deroguen o modifiquen. Pone a conocimiento de los Titular(es) de informaci\u00f3n, Titular(es) de datos personales La pol\u00edtica:<\/p>\n<p>1. Objetivo<br \/>\nEl prop\u00f3sito principal de esta Pol\u00edtica es poner en conocimiento de los Titular(es) de informaci\u00f3n, Titular(es) de datos personales los derechos que les asisten, los procedimientos y mecanismos dispuestos por la Firma para hacerlos efectivos; informar quienes son las personas autorizadas dentro de la Firma de atender las consultas, preguntas, reclamos y quejas, y \u00a0darles a conocer el alcance y la finalidad del Tratamiento (como dicho t\u00e9rmino se define m\u00e1s adelante) al cual ser\u00e1n sometidos los Datos Personales en caso de que el Titular otorgue su autorizaci\u00f3n expresa, previa e informada.<\/p>\n<p>2. Alcance<br \/>\nLa presente Pol\u00edtica aplica para los todos los Titular(es) de informaci\u00f3n, Titular(es) de datos personales que sean tratados de cualquier manera por la Firma y que tenga relaci\u00f3n comercial y\/o contractual.<\/p>\n<p>3. Definiciones<br \/>\nPara la interpretaci\u00f3n de esta Pol\u00edtica, le pedimos tener en cuenta las siguientes definiciones y cualquier diferencia que exista entre los t\u00e9rminos aqu\u00ed definidos y los establecidos en la Ley, se preferir\u00e1n aquellos se\u00f1alados en la Ley.<\/p>\n<p>3.1. Autorizaci\u00f3n: Es el consentimiento previo, expreso e informado del Titular para llevar a cabo el Tratamiento de sus Datos Personales.<\/p>\n<p>3.2. Base de Datos:\u00a0Es el conjunto organizado de Datos Personales que sean objeto de Tratamiento, electr\u00f3nico o no, cualquiera que fuere la modalidad de su formaci\u00f3n, almacenamiento, organizaci\u00f3n y acceso.<\/p>\n<p>3.3. Dato Financiero:\u00a0Es todo Dato Personal referido al nacimiento, ejecuci\u00f3n y extinci\u00f3n de obligaciones dinerarias, independientemente de la naturaleza del contrato que les d\u00e9 origen, cuyo Tratamiento se rige por la Ley 1266 de 2008 o las normas que la complementen, modifiquen o adicionen.<\/p>\n<p>3.4. Dato Personal:\u00a0Es cualquier informaci\u00f3n, vinculada o que pueda asociarse a una o varias personas naturales o jur\u00eddicas determinadas o determinables.<\/p>\n<p>3.5. Dato P\u00fablico: Es el Dato Personal calificado como tal seg\u00fan los mandatos de la Ley o de la Constituci\u00f3n Pol\u00edtica y, en consecuencia, es aquel que no sea semiprivado, privado o sensible. Son p\u00fablicos, entre otros, los datos relativos al estado civil de las personas, a su profesi\u00f3n u oficio, a su calidad de comerciante o de servidor p\u00fablico y aquellos que puedan obtenerse sin reserva alguna. Por su naturaleza, los datos p\u00fablicos pueden estar contenidos, entre otros, en registros p\u00fablicos, documentos p\u00fablicos, gacetas y boletines oficiales, sentencias judiciales debidamente ejecutoriadas que no est\u00e9n sometidas a reserva.<\/p>\n<p>3.6. Dato Sensible:\u00a0Es el Dato Personal que afecta la intimidad del Titular o cuyo uso indebido puede generar su discriminaci\u00f3n, tales como aquellos que revelen afiliaciones sindicales, el origen racial o \u00e9tnico, la orientaci\u00f3n pol\u00edtica, las convicciones religiosas, morales o filos\u00f3ficas, la pertenencia a sindicatos , organizaciones sociales, de derechos humanos o que promueva intereses de cualquier partido pol\u00edtico o que garanticen los derechos y garant\u00edas de partidos pol\u00edticos de oposici\u00f3n, as\u00ed como los datos relativos a la salud, a la vida sexual, y los datos biom\u00e9tricos.<\/p>\n<p>3.7. Encargado del Tratamiento:\u00a0Es la persona natural o jur\u00eddica, p\u00fablica o privada, que por s\u00ed misma o en asocio con otros, realice el Tratamiento de Datos Personales por cuenta del Responsable del Tratamiento.<\/p>\n<p>3.8. Responsable de Tratamiento: Es la persona natural o jur\u00eddica, p\u00fablica o privada, que por s\u00ed misma o en asocio con otros, decida sobre la Base de Datos y\/o el Tratamiento de los Datos Personales.<\/p>\n<p>3.9. Titular:\u00a0Es la persona natural cuyos Datos Personales sean objeto de Tratamiento, como consecuencia de la relaci\u00f3n que tiene el Titular y la Firma.<\/p>\n<p>3.10. Transferencia:\u00a0Tiene lugar cuando el Responsable y\/o Encargado del Tratamiento de Datos Personales, ubicado en Colombia env\u00eda la informaci\u00f3n de los datos personales a un receptor, que a su vez es responsable del tratamiento y se encuentra dentro o fuera del pa\u00eds.<\/p>\n<p>3.11. Transmisi\u00f3n:\u00a0Tratamiento de Datos Personales que implica la comunicaci\u00f3n a un tercero de los mismos dentro o fuera del territorio de la Rep\u00fablica de Colombia, cuando dicha comunicaci\u00f3n tenga por objeto la realizaci\u00f3n de un Tratamiento por el Encargado en nombre y por cuenta del Responsable, para cumplir con las finalidades de este \u00faltimo.<\/p>\n<p>3.12. Tratamiento:\u00a0Es toda operaci\u00f3n y procedimiento sistem\u00e1tico, electr\u00f3nico o no, que permita la recolecci\u00f3n, conservaci\u00f3n, ordenamiento, almacenamiento, modificaci\u00f3n, relacionamiento, uso, circulaci\u00f3n, evaluaci\u00f3n, bloqueo, destrucci\u00f3n y en general, el procesamiento de Datos Personales, as\u00ed como tambi\u00e9n su Transferencia y\/o Transmisi\u00f3n a terceros a trav\u00e9s de comunicaciones, consultas, interconexiones, cesiones, mensajes de datos.<\/p>\n<p>4. Principios Aplicables al Tratamiento de Datos Personales<br \/>\nEl tratamiento, manejo y protecci\u00f3n de datos personales que en adelante Uni\u00f3n Asesores &amp; Consultores Jur\u00eddicos S.A.S como responsable y\/o encargado de la informaci\u00f3n estar\u00e1 sometido a los siguientes principios, los cuales se rigen con los dispuestos en la Ley 1581 de 2012 y ser\u00e1n aplicados e interpretados de forma arm\u00f3nica, sistem\u00e1tica e integral en todas las actividades tendientes al tratamiento de los datos:<\/p>\n<p>4.1. Principio de legalidad en materia de Tratamiento de datos:\u00a0El Tratamiento a que se refiere la norma es una actividad reglada que debe sujetarse a lo establecido en ella y en las dem\u00e1s disposiciones que la desarrollen.<\/p>\n<p>4.2. Principio de finalidad:\u00a0El Tratamiento debe obedecer a una finalidad leg\u00edtima de acuerdo con la Constituci\u00f3n y la Ley, la cual debe ser informada al Titular.<\/p>\n<p>4.3. Principio de libertad:\u00a0El Tratamiento s\u00f3lo puede ejercerse con el consentimiento, previo, expreso e informado del Titular. Los datos personales no podr\u00e1n ser obtenidos o divulgados sin previa autorizaci\u00f3n, o en ausencia de mandato legal o judicial que releve el consentimiento.<\/p>\n<p>4.4. Principio de veracidad o calidad:\u00a0La informaci\u00f3n sujeta a Tratamiento debe ser veraz, completa, exacta, actualizada, comprobable y comprensible. Se proh\u00edbe el Tratamiento de datos parciales, incompletos, fraccionados o que induzcan a error.<\/p>\n<p>4.5. Principio de transparencia:\u00a0En el Tratamiento debe garantizarse el derecho del Titular a obtener del Responsable del Tratamiento o del Encargado del Tratamiento, en cualquier momento y sin restricciones, informaci\u00f3n acerca de la existencia de datos que le conciernan.<\/p>\n<p>4.6. Principio de acceso y circulaci\u00f3n restringida:\u00a0El Tratamiento se sujeta a los l\u00edmites que se derivan de la naturaleza de los datos personales, de las disposiciones de las normas vigentes que regulan la materia y la Constituci\u00f3n.<br \/>\nEn este sentido, el Tratamiento s\u00f3lo podr\u00e1 hacerse por personas autorizadas por el Titular.<\/p>\n<p>Los datos personales, salvo la informaci\u00f3n p\u00fablica, no podr\u00e1n estar disponibles en Internet u otros medios de divulgaci\u00f3n o comunicaci\u00f3n masiva, salvo que el acceso sea t\u00e9cnicamente controlable para brindar un conocimiento restringido s\u00f3lo a los Titulares o terceros autorizados conforme a las normas vigentes.<\/p>\n<p>4.7. Principio de seguridad:\u00a0La informaci\u00f3n sujeta a Tratamiento por el Responsable del Tratamiento o Encargado del Tratamiento a que se refiere las normas vigentes, se deber\u00e1 manejar con las medidas t\u00e9cnicas, humanas y administrativas que sean necesarias para otorgar seguridad a los registros evitando su adulteraci\u00f3n, p\u00e9rdida, consulta, uso o acceso no autorizado o fraudulento.<\/p>\n<p>4.8. Principio de confidencialidad:\u00a0Todas las personas que intervengan en el Tratamiento de datos personales que no tengan la naturaleza de p\u00fablicos est\u00e1n obligadas a garantizar la reserva de la informaci\u00f3n, inclusive despu\u00e9s de finalizada su relaci\u00f3n con alguna de las labores que comprende el Tratamiento, pudiendo s\u00f3lo realizar suministro o comunicaci\u00f3n de datos personales cuando ello corresponda al desarrollo de las actividades autorizadas en las normas vigentes y en los t\u00e9rminos de la misma.<\/p>\n<p>5. Responsable del Tratamiento<br \/>\nPara todos los efectos de la presente Pol\u00edtica Uni\u00f3n Asesores &amp; Consultores Jur\u00eddicos S.A.S, Sociedad Comercial legalmente constituida bajo las Leyes Colombianas por Documento Privado del 2 de julio de 2021 de Asamblea de Accionistas, inscrito en la C\u00e1mara de Comercio de Bogot\u00e1 D.C el d\u00eda dos (2) de julio del dos mil veintiuno (2021), con el n\u00famero 02721017 del Libro IX, matricula mercantil n\u00famero 03395756, identificada con el Nit 901.498.836-6, con domicilio principal en la calle 42 # 8\u00aa-80 oficina 1102 de la ciudad de Bogot\u00e1 republica de Colombia, tel\u00e9fono de contacto +57 310 2416469, correo electr\u00f3nico de contacto info@unionasesoresjuridicos.com.co, p\u00e1gina Web www.unionasesoresjuridicos.com.co, actuar\u00e1 como Responsable del Tratamiento.<\/p>\n<p>6. Tratamiento y Finalidad<br \/>\nEl tratamiento que realizar\u00e1 Uni\u00f3n Asesores &amp; Consultores Jur\u00eddicos S.A.S En virtud de la relaci\u00f3n que se establezca entre los Titular(es) de informaci\u00f3n, Titular(es) de datos personales, los datos personales son utilizados para:<\/p>\n<p>6.1. Ejecuci\u00f3n del contrato suscrito entre los Titular(es) de informaci\u00f3n, Titular(es) de datos personales y la Firma.<br \/>\n6.2. Pago de obligaciones contractuales.<br \/>\n6.3. Env\u00edo de informaci\u00f3n a entidades gubernamentales o judiciales por solicitud expresa de la misma.<\/p>\n<p>6.4. Soporte en procesos judiciales, extrajudiciales, contractuales, extracontractuales, conciliaci\u00f3n, de auditor\u00eda externa\/interna y dem\u00e1s que sean de acorde con el objeto de la Firma.<\/p>\n<p>6.5. Env\u00edo\/Recepci\u00f3n de mensajes con fines comerciales, publicitarios y\/o de atenci\u00f3n al cliente.<\/p>\n<p>6.6. Registro de la informaci\u00f3n de los Clientes en la base de datos de la Firma.<\/p>\n<p>6.7. Registro de la informaci\u00f3n de los Empleados en la base de datos de la Firma.<\/p>\n<p>6.8. Registro de la informaci\u00f3n de los Proveedores en la base de datos de la Firma.<\/p>\n<p>6.9. Contacto con Clientes, Empleados o Proveedores para el env\u00edo de informaci\u00f3n relacionado con la relaci\u00f3n contractual, comercial y obligacional que tenga lugar.<\/p>\n<p>6.10. Recolecci\u00f3n de datos para el cumplimiento de los deberes que como Responsable de la informaci\u00f3n y datos personales, le corresponde a la Firma.<\/p>\n<p>6.11. El control y la prevenci\u00f3n del fraude y del lavado de activos y de la financiaci\u00f3n del Terrorismo, incluyendo pero sin limitarse a la consulta en listas restrictivas, y toda la informaci\u00f3n necesaria requerida para dicha prevenci\u00f3n.<\/p>\n<p>6.12. La transmisi\u00f3n y transferencia de datos a terceros con los cuales se hayan celebrado contratos con este objeto, para fines comerciales, administrativos, de mercadeo y\/o operativos, en cualquier caso, los terceros estar\u00e1n obligados en los t\u00e9rminos de esta Pol\u00edtica.<\/p>\n<p>6.13. Para proporcionarle un efectivo servicio al cliente.<br \/>\n6.14. Cualquier otra finalidad que resulte en el desarrollo del contrato o la relaci\u00f3n entre usted y la Firma.<\/p>\n<p>7. Tratamiento de Datos Sensibles<br \/>\nLa Firma podr\u00e1 solicitar los Datos Sensibles que expresamente se mencionar\u00e1n en cada Autorizaci\u00f3n.<br \/>\nEn todo caso, la Firma observar\u00e1 estrictamente las limitaciones legales al Tratamiento de Datos Sensibles, sometiendo a Tratamiento los Datos Sensibles \u00fanicamente cuando el Titular haya otorgado su Autorizaci\u00f3n, salvo en los casos en que la ley no requiera de dicha Autorizaci\u00f3n. Cuando la Firma solicite Datos Sensibles, le informar\u00e1 qu\u00e9 tipo de Datos Personales tienen esta categor\u00eda y no condicionar\u00e1, en ning\u00fan caso, ninguna actividad a la entrega de Datos Sensibles.<br \/>\nLos Datos Sensibles ser\u00e1n tratados con la mayor diligencia posible y con los est\u00e1ndares de seguridad m\u00e1s altos. El acceso limitado a los Datos Sensibles ser\u00e1 un principio rector para salvaguardar la privacidad de esos Datos Personales y, por lo tanto, solo el personal autorizado podr\u00e1 tener acceso a ese tipo de informaci\u00f3n.<\/p>\n<p>8. Tratamiento de Datos Personales de ni\u00f1as, ni\u00f1os y\/o adolescentes<br \/>\nLa Firma Tratar\u00e1 los Datos Personales de un menor de 18 a\u00f1os, siempre que exista el consentimiento previo y expreso de padres o tutores legales. En estos casos, los padres o tutores legales pueden cambiar o revocar la Autorizaci\u00f3n tal como se describe en esta Pol\u00edtica.<br \/>\nAdicionalmente, el Tratamiento de los Datos Personales de ni\u00f1as, ni\u00f1os y adolescentes, cumplir\u00e1 con los siguientes par\u00e1metros y requisitos:<\/p>\n<p>8.1. El Tratamiento responder\u00e1 y respetar\u00e1 el inter\u00e9s superior de los ni\u00f1os, ni\u00f1as y adolescentes.<br \/>\n8.2. En todo momento se asegurar\u00e1 el respeto de sus derechos fundamentales.<br \/>\n8.3. El ni\u00f1o, ni\u00f1a o adolescente ser\u00e1 escuchado, y su opini\u00f3n ser\u00e1 valorada teniendo en cuenta la madurez, autonom\u00eda y capacidad para entender el asunto.<\/p>\n<p>9. Derecho del Titular de los Datos Personales<br \/>\nDe acuerdo con la Ley, los Titulares de Datos Personales tienen los siguientes derechos:<br \/>\n9.1. Conocer, actualizar y rectificar sus datos personales frente a los Responsables del Tratamiento o Encargados del Tratamiento. Este derecho se podr\u00e1 ejercer, entre otros frente a datos parciales, inexactos, incompletos, fraccionados, que induzcan a error, o aquellos cuyo Tratamiento est\u00e9 expresamente prohibido o no haya sido autorizado.<\/p>\n<p>9.2. Solicitar prueba de la autorizaci\u00f3n otorgada al Responsable del Tratamiento salvo cuando expresamente se except\u00fae como requisito para el Tratamiento, de conformidad con lo previsto en el art\u00edculo 10 de la presente ley.<\/p>\n<p>9.3. Ser informado por el Responsable del Tratamiento o el Encargado del Tratamiento, previa solicitud, respecto del uso que le ha dado a sus datos personales.<\/p>\n<p>9.4. Presentar ante la Superintendencia de Industria y Comercio quejas por infracciones a lo dispuesto en la presente ley y las dem\u00e1s normas que la modifiquen, adicionen o complementen.<\/p>\n<p>9.5. Revocar la autorizaci\u00f3n y\/o solicitar la supresi\u00f3n del dato cuando en el Tratamiento no se respeten los principios, derechos y garant\u00edas constitucionales y legales. La revocatoria y\/o supresi\u00f3n proceder\u00e1 cuando la Superintendencia de Industria y Comercio haya determinado que en el Tratamiento el Responsable o Encargado han incurrido en conductas contrarias a esta ley y a la Constituci\u00f3n.<\/p>\n<p>9.6. Acceder en forma gratuita a sus datos personales que hayan sido objeto de Tratamiento.<\/p>\n<p>10. Atenci\u00f3n de Peticiones, Consultas y\/o Reclamos<br \/>\nLos Titulares de los Datos Personales que est\u00e9n siendo recolectados, almacenados, utilizados, puestos en circulaci\u00f3n por la Firma, podr\u00e1n ejercer en cualquier momento sus derechos a conocer, actualizar, rectificar y suprimir informaci\u00f3n y revocar la autorizaci\u00f3n. Para el efecto, se seguir\u00e1 el siguiente procedimiento, de conformidad con la Ley de Protecci\u00f3n de Datos Personales:<\/p>\n<p>10.1. Para la radicaci\u00f3n y atenci\u00f3n de su solicitud le solicitamos suministrar la siguiente informaci\u00f3n:<br \/>\n* Nombre completo y apellidos<br \/>\n* Datos de contacto (direcci\u00f3n f\u00edsica y\/o electr\u00f3nica y tel\u00e9fonos de contacto), Medios para recibir respuesta a su solicitud,<br \/>\n* Motivo(s)\/hecho(s) que dan lugar al reclamo con una breve descripci\u00f3n del derecho que desea ejercer (conocer, actualizar, rectificar, solicitar prueba de la autorizaci\u00f3n otorgada, revocarla, suprimir, acceder a la informaci\u00f3n)<br \/>\n* Firma (si aplica) y n\u00famero de identificaci\u00f3n.<\/p>\n<p>10.2. Toda Solicitud debe ser enviada al correo electr\u00f3nico info@unionasesoresjuridicos.com.co o a trav\u00e9s del WhatsApp +57 310 2416469.<\/p>\n<p>10.3. El t\u00e9rmino m\u00e1ximo previsto por la ley para resolver su reclamaci\u00f3n es de quince (15) d\u00edas h\u00e1biles, contado a partir del d\u00eda siguiente a la fecha de su recibo. Cuando no fuere posible atender el reclamo dentro de dicho t\u00e9rmino, la Firma informar\u00e1 al Titular(es) de informaci\u00f3n, Titular(es) de datos personales los GU\u00cdA DE FORMATOS MODELO PARA EL TRATAMIENTO DE DATOS PERSONALES -LEY 1581 DE 2012 22 POL\u00cdTICA DE TRATAMIENTO DE DATOS PERSONALES motivos de la demora y la fecha en que se atender\u00e1 su reclamo, la cual en ning\u00fan caso podr\u00e1 superar los ocho (8) d\u00edas h\u00e1biles siguientes al vencimiento del primer t\u00e9rmino. Una vez cumplidos los t\u00e9rminos se\u00f1alados por la Ley 1581 de 2012 y las dem\u00e1s normas que la reglamenten o complementen, el Titular al que se deniegue, total o parcialmente, el ejercicio de los derechos de acceso, actualizaci\u00f3n, rectificaci\u00f3n, supresi\u00f3n y revocaci\u00f3n podr\u00e1 poner su caso en conocimiento de la Superintendencia de Industria y Comercio \u2013 Delegatura para la Protecci\u00f3n de Datos Personales.<\/p>\n<p>11. Seguridad de la Informaci\u00f3n y Confidencialidad<br \/>\nEn desarrollo del principio de seguridad, la Firma ha adoptado medidas t\u00e9cnicas, administrativas y humanas razonables para la protecci\u00f3n de los Datos Personales de los Titulares e impedir adulteraci\u00f3n, p\u00e9rdida, consulta, uso o acceso no autorizado o fraudulento. El acceso a los datos personales est\u00e1 restringido a sus Titulares y a las personas autorizadas por la Firma de acuerdo con esta Pol\u00edtica. La Firma no permitir\u00e1 el acceso a esta informaci\u00f3n por parte de terceros en condiciones diferentes a las anunciadas, a excepci\u00f3n de un pedido expreso del Titular o de las personas legitimadas de conformidad con la normatividad nacional y\/o mediante solicitud judicial.<\/p>\n<p>Es importante tener en cuenta que internet es una red global de comunicaci\u00f3n que implica la transmisi\u00f3n de informaci\u00f3n en una red mundial. En este sentido, pese a que la Firma cuenta con medidas necesarias para la protecci\u00f3n de los Datos Personales, es posible que los mismos se vean afectados por las fallas propias de internet.<\/p>\n<p>La Firma debe siempre realizar el Tratamiento disponiendo las medidas t\u00e9cnicas, humanas y administrativas que resulten necesarias para mantener la confidencialidad del Dato Personal y para evitar que sea \u00e9ste adulterado, modificado, consultado, usado, accedido, eliminado, o conocido por personas no Autorizadas, o que el Dato Personal se pierda. Todo nuevo proyecto que implique el Tratamiento de Datos Personales por parte de la Firma deber\u00e1 hacer referencia a esta Pol\u00edtica de Tratamiento para asegurar el cumplimiento de esta regla.<\/p>\n<p>12. Autorizaci\u00f3n Voluntaria<br \/>\nDe conformidad con lo previsto en la Ley 1581 de 2012 \u201cpor la cual se dictan las disposiciones generales para la protecci\u00f3n de datos personales\u201d y el Decreto 1377 de 2013, que la reglamentan parcialmente y previa lectura a la Pol\u00edtica expuesta aqu\u00ed, manifiesto que otorgo mi autorizaci\u00f3n expresa y clara como Titular(es) de informaci\u00f3n, Titular(es) de datos personales para que la Firma, pueda hacer tratamiento y uso de mis datos personales diligenciados a trav\u00e9s de la p\u00e1gina web www.unionasesoresjuridicos.com.co, los cuales estar\u00e1n reportados en la base de datos de la que es responsable Uni\u00f3n Asesores &amp; Consultores Jur\u00eddicos S.A.S.<\/p>\n<p>De acuerdo a la normatividad citada, la Firma queda autorizada de manera expresa e inequ\u00edvoca para mantener y manejar la informaci\u00f3n suministrada, solo para aquellas finalidades para las que se encuentra facultado y respetando en todo caso, la normatividad vigente sobre protecci\u00f3n de datos personales.<br \/>\nNo obstante, la presente autorizaci\u00f3n, me reservo el derecho a ejercer en cualquier momento la posibilidad de conocer, actualizar, rectificar y solicitar la supresi\u00f3n de mis datos personales en la base de datos de la organizaci\u00f3n, cuando as\u00ed lo estime conveniente.<\/p>\n<p>13. Tratamiento de Cookies de su Navegaci\u00f3n Como Usuario en Nuestra p\u00e1gina Web<br \/>\nUna cookie es un peque\u00f1o archivo de texto que contiene una cadena de caracteres alfanum\u00e9ricos. Dicha informaci\u00f3n ser\u00e1 recabada durante su navegaci\u00f3n en nuestro sitio Web para determinar su comportamiento como consumidor online.<\/p>\n<p>14. Vigencia<br \/>\nLa presente Pol\u00edtica para el Tratamiento de Datos Personales rige a partir de la Constituci\u00f3n y registro de la matricula mercantil n\u00famero 03395756 en la C\u00e1mara de Comercio de Bogot\u00e1 efectuada el d\u00eda dos (2) de julio de dos mil veintiuno (2021).<br \/>\nLas bases de datos en las que se registrar\u00e1n los datos personales tendr\u00e1n una vigencia igual al tiempo en que se mantenga y utilice la informaci\u00f3n para las finalidades descritas en esta pol\u00edtica, al igual que mientras se mantenga la relaci\u00f3n contractual con el Titular de la informaci\u00f3n. Una vez se cumpla(n) esa(s) finalidad(es) y siempre que no exista un deber legal o contractual de conservar su informaci\u00f3n, sus datos ser\u00e1n eliminados de nuestras bases de datos.<\/p>\n<p>15. Modificaciones<br \/>\nEsta Pol\u00edtica podr\u00e1 ser modificada por la Firma cuando as\u00ed lo requiera sin previa notificaci\u00f3n, siempre que se trate de modificaciones no sustanciales. De lo contrario, ser\u00e1n comunicadas previamente a los Titulares.[\/vc_column_text][\/vc_column][\/vc_row]<\/p>\n<\/section>","protected":false},"excerpt":{"rendered":"<p>[vc_row][vc_column][vc_column_text] Pol\u00edtica de Tratamiento de Datos [\/vc_column_text][vc_column_text]Uni\u00f3n Asesores &amp; Consultores Jur\u00eddicos S.A.S, es una Firma de Abogados Identificada con el Nit 901.498.836-6, domiciliada Bogot\u00e1 D.C., Colombia y ubicada en la Cra 11 No. 71-41 Oficina 504, tel\u00e9fono de contacto +57 310 2416469, p\u00e1gina Web www.unionasesoresjuridicos.com.co correo electr\u00f3nico info@unionasesoresjuridicos.com.co, quienes en adelante y para efectos de [&hellip;]<\/p>\n","protected":false},"author":2,"featured_media":0,"parent":0,"menu_order":0,"comment_status":"closed","ping_status":"closed","template":"","meta":{"_joinchat":[],"footnotes":""},"class_list":["post-11353","page","type-page","status-publish","hentry"],"_links":{"self":[{"href":"https:\/\/unionasesoresjuridicos.com.co\/index.php\/wp-json\/wp\/v2\/pages\/11353","targetHints":{"allow":["GET"]}}],"collection":[{"href":"https:\/\/unionasesoresjuridicos.com.co\/index.php\/wp-json\/wp\/v2\/pages"}],"about":[{"href":"https:\/\/unionasesoresjuridicos.com.co\/index.php\/wp-json\/wp\/v2\/types\/page"}],"author":[{"embeddable":true,"href":"https:\/\/unionasesoresjuridicos.com.co\/index.php\/wp-json\/wp\/v2\/users\/2"}],"replies":[{"embeddable":true,"href":"https:\/\/unionasesoresjuridicos.com.co\/index.php\/wp-json\/wp\/v2\/comments?post=11353"}],"version-history":[{"count":7,"href":"https:\/\/unionasesoresjuridicos.com.co\/index.php\/wp-json\/wp\/v2\/pages\/11353\/revisions"}],"predecessor-version":[{"id":11550,"href":"https:\/\/unionasesoresjuridicos.com.co\/index.php\/wp-json\/wp\/v2\/pages\/11353\/revisions\/11550"}],"wp:attachment":[{"href":"https:\/\/unionasesoresjuridicos.com.co\/index.php\/wp-json\/wp\/v2\/media?parent=11353"}],"curies":[{"name":"wp","href":"https:\/\/api.w.org\/{rel}","templated":true}]}}