{"id":11242,"date":"2022-09-12T04:46:08","date_gmt":"2022-09-12T04:46:08","guid":{"rendered":"https:\/\/unionasesoresjuridicos.com.co\/?page_id=11242"},"modified":"2022-09-23T03:51:40","modified_gmt":"2022-09-23T03:51:40","slug":"acciones-constitucionales","status":"publish","type":"page","link":"https:\/\/unionasesoresjuridicos.com.co\/index.php\/acciones-constitucionales\/","title":{"rendered":"Acciones Constitucionales"},"content":{"rendered":"<section class=\"wpb-content-wrapper\"><p>[vc_row][vc_column width=&#8221;1\/2&#8243;][vc_single_image image=&#8221;11287&#8243; img_size=&#8221;500&#215;500&#8243; alignment=&#8221;center&#8221; style=&#8221;vc_box_rounded&#8221;][\/vc_column][vc_column width=&#8221;1\/2&#8243;]<div class=\"tm-element-heading-wrapper tm-heading-inner tm-element-align-left tm-heading-with-separator \">[vc_cta h2=\"Acciones Constitucionales\"  h2_google_fonts=\"font_family:Arimo%3Aregular%2Citalic%2C700%2C700italic|font_style:700%20bold%20regular%3A700%3Anormal\"  h4_google_fonts=\"font_family:Lato%3A100%2C100italic%2C300%2C300italic%2Cregular%2Citalic%2C700%2C700italic%2C900%2C900italic|font_style:300%20light%20regular%3A300%3Anormal\"  txt_align=\"left\"  heading_sep=\"yes\"  i_css_animation=\"\" css_animation=\"\"][\/vc_cta]<\/div> <!-- .tm-element-heading-wrapper container --> [vc_column_text]La constituci\u00f3n nos ha dejado mecanismos para la defensa de nuestros derechos, Para ello, nuestra firma ofrece asesor\u00eda y representaci\u00f3n judicial asumiendo como causa propia la violaci\u00f3n de los mismos, a trav\u00e9s de la proyecci\u00f3n y redacci\u00f3n de acciones constitucionales encaminadas a su restablecimiento, cuando quiera que una autoridad p\u00fablica o privada infrinja sus derechos fundamentales tutelados por el ordenamiento constitucional.[\/vc_column_text][vc_column_text]<\/p>\n<h5><strong>Servicios<\/strong><\/h5>\n<p>[\/vc_column_text]<ul class=\"tm-list tm-list-style-icon\"><li><i class=\"tm-skincolor fas fa-check-circle\"><\/i>Acci\u00f3n de Tutela.<\/li><li><i class=\"tm-skincolor fas fa-check-circle\"><\/i>Acci\u00f3n de Cumplimiento.<\/li><li><i class=\"tm-skincolor fas fa-check-circle\"><\/i>Acci\u00f3n Popular.<\/li><li><i class=\"tm-skincolor fas fa-check-circle\"><\/i>Acci\u00f3n de Grupo.<\/li><li><i class=\"tm-skincolor fas fa-check-circle\"><\/i>Acci\u00f3n de Inconstitucionalidad.<\/li><li><i class=\"tm-skincolor fas fa-check-circle\"><\/i>Acci\u00f3n de Repetici\u00f3n.<\/li><li><i class=\"tm-skincolor fas fa-check-circle\"><\/i>Habeas Data<\/li><li><i class=\"tm-skincolor fas fa-check-circle\"><\/i>Derecho de Petici\u00f3n.<\/li><\/ul>[vc_btn title=&#8221;HABLA CON TU ABOGADO&#8221; style=&#8221;classic&#8221; link=&#8221;url:https%3A%2F%2Funionasesoresjuridicos.com.co%2Findex.php%2Fcontactenos%2F|title:Cont%C3%A1ctenos&#8221;][\/vc_column][\/vc_row]<\/p>\n<\/section>","protected":false},"excerpt":{"rendered":"<p>[vc_row][vc_column width=&#8221;1\/2&#8243;][vc_single_image image=&#8221;11287&#8243; img_size=&#8221;500&#215;500&#8243; alignment=&#8221;center&#8221; style=&#8221;vc_box_rounded&#8221;][\/vc_column][vc_column width=&#8221;1\/2&#8243;][vc_column_text]La constituci\u00f3n nos ha dejado mecanismos para la defensa de nuestros derechos, Para ello, nuestra firma ofrece asesor\u00eda y representaci\u00f3n judicial asumiendo como causa propia la violaci\u00f3n de los mismos, a trav\u00e9s de la proyecci\u00f3n y redacci\u00f3n de acciones constitucionales encaminadas a su restablecimiento, cuando quiera que una autoridad [&hellip;]<\/p>\n","protected":false},"author":2,"featured_media":0,"parent":0,"menu_order":0,"comment_status":"closed","ping_status":"closed","template":"","meta":{"_joinchat":[],"footnotes":""},"class_list":["post-11242","page","type-page","status-publish","hentry"],"_links":{"self":[{"href":"https:\/\/unionasesoresjuridicos.com.co\/index.php\/wp-json\/wp\/v2\/pages\/11242","targetHints":{"allow":["GET"]}}],"collection":[{"href":"https:\/\/unionasesoresjuridicos.com.co\/index.php\/wp-json\/wp\/v2\/pages"}],"about":[{"href":"https:\/\/unionasesoresjuridicos.com.co\/index.php\/wp-json\/wp\/v2\/types\/page"}],"author":[{"embeddable":true,"href":"https:\/\/unionasesoresjuridicos.com.co\/index.php\/wp-json\/wp\/v2\/users\/2"}],"replies":[{"embeddable":true,"href":"https:\/\/unionasesoresjuridicos.com.co\/index.php\/wp-json\/wp\/v2\/comments?post=11242"}],"version-history":[{"count":3,"href":"https:\/\/unionasesoresjuridicos.com.co\/index.php\/wp-json\/wp\/v2\/pages\/11242\/revisions"}],"predecessor-version":[{"id":11322,"href":"https:\/\/unionasesoresjuridicos.com.co\/index.php\/wp-json\/wp\/v2\/pages\/11242\/revisions\/11322"}],"wp:attachment":[{"href":"https:\/\/unionasesoresjuridicos.com.co\/index.php\/wp-json\/wp\/v2\/media?parent=11242"}],"curies":[{"name":"wp","href":"https:\/\/api.w.org\/{rel}","templated":true}]}}