{"id":11238,"date":"2022-09-12T04:45:28","date_gmt":"2022-09-12T04:45:28","guid":{"rendered":"https:\/\/unionasesoresjuridicos.com.co\/?page_id=11238"},"modified":"2022-09-23T03:50:24","modified_gmt":"2022-09-23T03:50:24","slug":"derecho-de-familia","status":"publish","type":"page","link":"https:\/\/unionasesoresjuridicos.com.co\/index.php\/derecho-de-familia\/","title":{"rendered":"Derecho de Familia"},"content":{"rendered":"<section class=\"wpb-content-wrapper\"><p>[vc_row][vc_column width=&#8221;1\/2&#8243;][vc_single_image image=&#8221;11289&#8243; img_size=&#8221;500&#215;500&#8243; alignment=&#8221;center&#8221; style=&#8221;vc_box_rounded&#8221;][\/vc_column][vc_column width=&#8221;1\/2&#8243;]<div class=\"tm-element-heading-wrapper tm-heading-inner tm-element-align-left tm-heading-with-separator \">[vc_cta h2=\"Derecho de Familia\"  h2_google_fonts=\"font_family:Arimo%3Aregular%2Citalic%2C700%2C700italic|font_style:700%20bold%20regular%3A700%3Anormal\"  h4_google_fonts=\"font_family:Lato%3A100%2C100italic%2C300%2C300italic%2Cregular%2Citalic%2C700%2C700italic%2C900%2C900italic|font_style:300%20light%20regular%3A300%3Anormal\"  txt_align=\"left\"  heading_sep=\"yes\"  i_css_animation=\"\" css_animation=\"\"][\/vc_cta]<\/div> <!-- .tm-element-heading-wrapper container --> [vc_column_text]Ofrecemos acompa\u00f1amiento legal en los conflictos que se generan en el n\u00facleo de la familia, a trav\u00e9s de la representaci\u00f3n en tr\u00e1mites ante notario, autoridades administrativas, as\u00ed tambi\u00e9n como en procesos judiciales necesarios para obtener la mejor soluci\u00f3n al conflicto familiar.[\/vc_column_text][vc_column_text]<\/p>\n<h5><strong>Servicios<\/strong><\/h5>\n<p>[\/vc_column_text]<ul class=\"tm-list tm-list-style-icon\"><li><i class=\"tm-skincolor fas fa-check-circle\"><\/i>Capitulaciones matrimoniales y maritales.<\/li><li><i class=\"tm-skincolor fas fa-check-circle\"><\/i>Nulidad del matrimonio y Divorcios.<\/li><li><i class=\"tm-skincolor fas fa-check-circle\"><\/i>Declaraci\u00f3n de uni\u00f3n marital de hecho y sociedad patrimonial.<\/li><li><i class=\"tm-skincolor fas fa-check-circle\"><\/i>Separaci\u00f3n de bienes voluntarias y contenciosas.<\/li><li><i class=\"tm-skincolor fas fa-check-circle\"><\/i>Disoluci\u00f3n y liquidaci\u00f3n de la sociedad conyugal y patrimonial.<\/li><li><i class=\"tm-skincolor fas fa-check-circle\"><\/i>Asuntos alimentarios, Patria potestad, custodia, Adopci\u00f3n, cuidado personal y r\u00e9gimen de visitas.<\/li><li><i class=\"tm-skincolor fas fa-check-circle\"><\/i>Protecci\u00f3n de personas en situaci\u00f3n de discapacidad.<\/li><li><i class=\"tm-skincolor fas fa-check-circle\"><\/i>Sucesiones, Testamentos.<\/li><\/ul>[vc_btn title=&#8221;HABLA CON TU ABOGADO&#8221; style=&#8221;classic&#8221; link=&#8221;url:https%3A%2F%2Funionasesoresjuridicos.com.co%2Findex.php%2Fcontactenos%2F|title:Cont%C3%A1ctenos&#8221;][\/vc_column][\/vc_row]<\/p>\n<\/section>","protected":false},"excerpt":{"rendered":"<p>[vc_row][vc_column width=&#8221;1\/2&#8243;][vc_single_image image=&#8221;11289&#8243; img_size=&#8221;500&#215;500&#8243; alignment=&#8221;center&#8221; style=&#8221;vc_box_rounded&#8221;][\/vc_column][vc_column width=&#8221;1\/2&#8243;][vc_column_text]Ofrecemos acompa\u00f1amiento legal en los conflictos que se generan en el n\u00facleo de la familia, a trav\u00e9s de la representaci\u00f3n en tr\u00e1mites ante notario, autoridades administrativas, as\u00ed tambi\u00e9n como en procesos judiciales necesarios para obtener la mejor soluci\u00f3n al conflicto familiar.[\/vc_column_text][vc_column_text] Servicios [\/vc_column_text][vc_btn title=&#8221;HABLA CON TU ABOGADO&#8221; style=&#8221;classic&#8221; link=&#8221;url:https%3A%2F%2Funionasesoresjuridicos.com.co%2Findex.php%2Fcontactenos%2F|title:Cont%C3%A1ctenos&#8221;][\/vc_column][\/vc_row]<\/p>\n","protected":false},"author":2,"featured_media":0,"parent":0,"menu_order":0,"comment_status":"closed","ping_status":"closed","template":"","meta":{"_joinchat":[],"footnotes":""},"class_list":["post-11238","page","type-page","status-publish","hentry"],"_links":{"self":[{"href":"https:\/\/unionasesoresjuridicos.com.co\/index.php\/wp-json\/wp\/v2\/pages\/11238","targetHints":{"allow":["GET"]}}],"collection":[{"href":"https:\/\/unionasesoresjuridicos.com.co\/index.php\/wp-json\/wp\/v2\/pages"}],"about":[{"href":"https:\/\/unionasesoresjuridicos.com.co\/index.php\/wp-json\/wp\/v2\/types\/page"}],"author":[{"embeddable":true,"href":"https:\/\/unionasesoresjuridicos.com.co\/index.php\/wp-json\/wp\/v2\/users\/2"}],"replies":[{"embeddable":true,"href":"https:\/\/unionasesoresjuridicos.com.co\/index.php\/wp-json\/wp\/v2\/comments?post=11238"}],"version-history":[{"count":3,"href":"https:\/\/unionasesoresjuridicos.com.co\/index.php\/wp-json\/wp\/v2\/pages\/11238\/revisions"}],"predecessor-version":[{"id":11320,"href":"https:\/\/unionasesoresjuridicos.com.co\/index.php\/wp-json\/wp\/v2\/pages\/11238\/revisions\/11320"}],"wp:attachment":[{"href":"https:\/\/unionasesoresjuridicos.com.co\/index.php\/wp-json\/wp\/v2\/media?parent=11238"}],"curies":[{"name":"wp","href":"https:\/\/api.w.org\/{rel}","templated":true}]}}