{"id":11230,"date":"2022-09-12T04:44:38","date_gmt":"2022-09-12T04:44:38","guid":{"rendered":"https:\/\/unionasesoresjuridicos.com.co\/?page_id=11230"},"modified":"2022-09-23T03:46:25","modified_gmt":"2022-09-23T03:46:25","slug":"derecho-inmobiliario","status":"publish","type":"page","link":"https:\/\/unionasesoresjuridicos.com.co\/index.php\/derecho-inmobiliario\/","title":{"rendered":"Derecho Inmobiliario"},"content":{"rendered":"<section class=\"wpb-content-wrapper\"><p>[vc_row][vc_column width=&#8221;1\/2&#8243;][vc_single_image image=&#8221;11276&#8243; img_size=&#8221;500&#215;500&#8243; alignment=&#8221;center&#8221; style=&#8221;vc_box_rounded&#8221;][\/vc_column][vc_column width=&#8221;1\/2&#8243;]<div class=\"tm-element-heading-wrapper tm-heading-inner tm-element-align-left tm-heading-with-separator \">[vc_cta h2=\"Derecho Inmobiliario\"  h2_google_fonts=\"font_family:Arimo%3Aregular%2Citalic%2C700%2C700italic|font_style:700%20bold%20regular%3A700%3Anormal\"  h4_google_fonts=\"font_family:Lato%3A100%2C100italic%2C300%2C300italic%2Cregular%2Citalic%2C700%2C700italic%2C900%2C900italic|font_style:300%20light%20regular%3A300%3Anormal\"  txt_align=\"left\"  heading_sep=\"yes\"  i_css_animation=\"\" css_animation=\"\"][\/vc_cta]<\/div> <!-- .tm-element-heading-wrapper container --> [vc_column_text]Brindamos asesor\u00eda jur\u00eddica y comercial en todo tipo de contratos relacionados con la transferencia de bienes inmuebles rurales y urbanos, su explotaci\u00f3n econ\u00f3mica, r\u00e9gimen propiedad horizontal, estudio de t\u00edtulos y registral.[\/vc_column_text][vc_column_text]<\/p>\n<h5><strong>Servicios<\/strong><\/h5>\n<p>[\/vc_column_text]<ul class=\"tm-list tm-list-style-icon\"><li><i class=\"tm-skincolor fas fa-check-circle\"><\/i>Elaboraci\u00f3n de contratos inmobiliarios.<\/li><li><i class=\"tm-skincolor fas fa-check-circle\"><\/i>Estudio de t\u00edtulos.<\/li><li><i class=\"tm-skincolor fas fa-check-circle\"><\/i>Conceptos jur\u00eddicos y asesor\u00edas sobre el mercado inmobiliario.<\/li><li><i class=\"tm-skincolor fas fa-check-circle\"><\/i>R\u00e9gimen de propiedad horizontal.<\/li><li><i class=\"tm-skincolor fas fa-check-circle\"><\/i>Documentos de arrendamiento de viviendas y comerciales.<\/li><li><i class=\"tm-skincolor fas fa-check-circle\"><\/i>Aval\u00faos.<\/li><li><i class=\"tm-skincolor fas fa-check-circle\"><\/i>Asesor\u00eda y representaci\u00f3n en litigios y resoluci\u00f3n de conflictos.<\/li><li><i class=\"tm-skincolor fas fa-check-circle\"><\/i>Tr\u00e1mites notariales referentes a escrituraci\u00f3n de negocios jur\u00eddicos de afectaci\u00f3n de inmuebles.<\/li><li><i class=\"tm-skincolor fas fa-check-circle\"><\/i>Registro de propiedad.<\/li><\/ul>[vc_btn title=&#8221;HABLA CON TU ABOGADO&#8221; style=&#8221;classic&#8221; link=&#8221;url:https%3A%2F%2Funionasesoresjuridicos.com.co%2Findex.php%2Fcontactenos%2F|title:Cont%C3%A1ctenos&#8221;][\/vc_column][\/vc_row]<\/p>\n<\/section>","protected":false},"excerpt":{"rendered":"<p>[vc_row][vc_column width=&#8221;1\/2&#8243;][vc_single_image image=&#8221;11276&#8243; img_size=&#8221;500&#215;500&#8243; alignment=&#8221;center&#8221; style=&#8221;vc_box_rounded&#8221;][\/vc_column][vc_column width=&#8221;1\/2&#8243;][vc_column_text]Brindamos asesor\u00eda jur\u00eddica y comercial en todo tipo de contratos relacionados con la transferencia de bienes inmuebles rurales y urbanos, su explotaci\u00f3n econ\u00f3mica, r\u00e9gimen propiedad horizontal, estudio de t\u00edtulos y registral.[\/vc_column_text][vc_column_text] Servicios [\/vc_column_text][vc_btn title=&#8221;HABLA CON TU ABOGADO&#8221; style=&#8221;classic&#8221; link=&#8221;url:https%3A%2F%2Funionasesoresjuridicos.com.co%2Findex.php%2Fcontactenos%2F|title:Cont%C3%A1ctenos&#8221;][\/vc_column][\/vc_row]<\/p>\n","protected":false},"author":2,"featured_media":0,"parent":0,"menu_order":0,"comment_status":"closed","ping_status":"closed","template":"","meta":{"_joinchat":[],"footnotes":""},"class_list":["post-11230","page","type-page","status-publish","hentry"],"_links":{"self":[{"href":"https:\/\/unionasesoresjuridicos.com.co\/index.php\/wp-json\/wp\/v2\/pages\/11230","targetHints":{"allow":["GET"]}}],"collection":[{"href":"https:\/\/unionasesoresjuridicos.com.co\/index.php\/wp-json\/wp\/v2\/pages"}],"about":[{"href":"https:\/\/unionasesoresjuridicos.com.co\/index.php\/wp-json\/wp\/v2\/types\/page"}],"author":[{"embeddable":true,"href":"https:\/\/unionasesoresjuridicos.com.co\/index.php\/wp-json\/wp\/v2\/users\/2"}],"replies":[{"embeddable":true,"href":"https:\/\/unionasesoresjuridicos.com.co\/index.php\/wp-json\/wp\/v2\/comments?post=11230"}],"version-history":[{"count":9,"href":"https:\/\/unionasesoresjuridicos.com.co\/index.php\/wp-json\/wp\/v2\/pages\/11230\/revisions"}],"predecessor-version":[{"id":11316,"href":"https:\/\/unionasesoresjuridicos.com.co\/index.php\/wp-json\/wp\/v2\/pages\/11230\/revisions\/11316"}],"wp:attachment":[{"href":"https:\/\/unionasesoresjuridicos.com.co\/index.php\/wp-json\/wp\/v2\/media?parent=11230"}],"curies":[{"name":"wp","href":"https:\/\/api.w.org\/{rel}","templated":true}]}}