{"id":11140,"date":"2022-09-06T05:22:46","date_gmt":"2022-09-06T05:22:46","guid":{"rendered":"https:\/\/unionasesoresjuridicos.com.co\/?page_id=11140"},"modified":"2024-03-01T01:54:29","modified_gmt":"2024-03-01T01:54:29","slug":"areas-de-practica","status":"publish","type":"page","link":"https:\/\/unionasesoresjuridicos.com.co\/index.php\/areas-de-practica\/","title":{"rendered":"\u00c1reas de Pr\u00e1ctica"},"content":{"rendered":"<section class=\"wpb-content-wrapper\"><p>[vc_row css=&#8221;.vc_custom_1662954319813{padding-bottom: 0px !important;}&#8221;][vc_column width=&#8221;1\/2&#8243;]<div class=\"tm-element-heading-wrapper tm-heading-inner tm-element-align-left tm-heading-with-separator \">[vc_cta h2=\"\u00c1reas de pr\u00e1ctica\"  h2_google_fonts=\"font_family:Arimo%3Aregular%2Citalic%2C700%2C700italic|font_style:700%20bold%20regular%3A700%3Anormal\"  h4=\"\u00a1Elecci\u00f3n correcta!\"  h4_google_fonts=\"font_family:Lato%3A100%2C100italic%2C300%2C300italic%2Cregular%2Citalic%2C700%2C700italic%2C900%2C900italic|font_style:300%20light%20regular%3A300%3Anormal\"  txt_align=\"left\"  heading_sep=\"yes\"  i_css_animation=\"\" css_animation=\"\"][\/vc_cta]<\/div> <!-- .tm-element-heading-wrapper container --> [\/vc_column][vc_column width=&#8221;1\/2&#8243;][vc_btn title=&#8221;SOLICITA UNA CONSULTA&#8221; style=&#8221;classic&#8221; size=&#8221;lg&#8221; align=&#8221;right&#8221; link=&#8221;url:https%3A%2F%2Funionasesoresjuridicos.com.co%2Findex.php%2Fcontactenos%2F|title:Cont%C3%A1ctenos&#8221;][\/vc_column][\/vc_row][vc_row css=&#8221;.vc_custom_1662957727273{padding-top: 10px !important;padding-bottom: 10px !important;}&#8221;][vc_column width=&#8221;1\/2&#8243; css=&#8221;.vc_custom_1662954254014{padding-top: 0px !important;padding-bottom: 0px !important;}&#8221;]<div class=\"tm-sbox tm-sbox-iconalign-topleft none     \">[vc_cta h2=\"Derecho Inmobiliario\"  h2_google_fonts=\"font_family:Arimo%3Aregular%2Citalic%2C700%2C700italic|font_style:700%20bold%20regular%3A700%3Anormal\"  h4_google_fonts=\"font_family:Lato%3A100%2C100italic%2C300%2C300italic%2Cregular%2Citalic%2C700%2C700italic%2C900%2C900italic|font_style:300%20light%20regular%3A300%3Anormal\"  txt_align=\"left\"  heading_sep=\"no\"  shape=\"none\"  style=\"transparent\"  color=\"grey\"  add_button=\"bottom\"  btn_title=\"Leer m\u00e1s\"  btn_link=\"url:https%3A%2F%2Funionasesoresjuridicos.com.co%2Findex.php%2Fderecho-inmobiliario%2F|title:Derecho%20Inmobiliario\"  btn_style=\"classic\"  btn_gradient_color_1=\"turquoise\"  btn_gradient_color_2=\"blue\"  btn_custom_background=\"#ededed\"  btn_custom_text=\"#666\"  btn_outline_custom_color=\"#666\"  btn_outline_custom_hover_background=\"#666\"  btn_outline_custom_hover_text=\"#fff\"  btn_color=\"skincolor\"  btn_size=\"md\"  btn_add_icon=\"true\"  btn_i_align=\"right\"  btn_i_icon_fontawesome=\"fas fa-angle-double-right\"  add_icon=\"top\"  hover=\"none\"  main_icon_type=\"icon\"  i_type=\"fontawesome\"  i_icon_fontawesome=\"fas fa-home\"  i_icon_openiconic=\"vc-oi vc-oi-dial\"  i_icon_typicons=\"typcn typcn-adjust-brightness\"  i_icon_entypo=\"entypo-icon entypo-icon-note\"  i_icon_linecons=\"vc_li vc_li-heart\"  i_color=\"skincolor\"  i_background_style=\"rounded-outline\"  i_background_color=\"grey\"  i_size=\"xl\"  icon_type=\"icon\"  btn_align=\"left\"  i_css_animation=\"\" css_animation=\"\"]<\/p>\n<ul>\n<li>Elaboraci\u00f3n de contratos inmobiliarios.<\/li>\n<li>Estudio de t\u00edtulos.<\/li>\n<li>Conceptos jur\u00eddicos y asesor\u00edas sobre el mercado inmobiliario.<\/li>\n<li>R\u00e9gimen de propiedad horizontal.<\/li>\n<li>Documentos de arrendamiento de viviendas y comerciales.<\/li>\n<li>Aval\u00faos.<\/li>\n<li>Asesor\u00eda y representaci\u00f3n en litigios y resoluci\u00f3n de conflictos.<\/li>\n<\/ul>\n<p>[\/vc_cta]<\/div>[\/vc_column][vc_column width=&#8221;1\/2&#8243;]<div class=\"tm-sbox tm-sbox-iconalign-topleft none     \">[vc_cta h2=\"Derecho Urban\u00edstico\"  h2_google_fonts=\"font_family:Arimo%3Aregular%2Citalic%2C700%2C700italic|font_style:700%20bold%20regular%3A700%3Anormal\"  h4_google_fonts=\"font_family:Lato%3A100%2C100italic%2C300%2C300italic%2Cregular%2Citalic%2C700%2C700italic%2C900%2C900italic|font_style:300%20light%20regular%3A300%3Anormal\"  txt_align=\"left\"  heading_sep=\"no\"  shape=\"none\"  style=\"transparent\"  color=\"grey\"  add_button=\"bottom\"  btn_title=\"Leer m\u00e1s\"  btn_link=\"url:https%3A%2F%2Funionasesoresjuridicos.com.co%2Findex.php%2Fderecho-urbanistico%2F|title:Derecho%20Urban%C3%ADstico\"  btn_style=\"classic\"  btn_gradient_color_1=\"turquoise\"  btn_gradient_color_2=\"blue\"  btn_custom_background=\"#ededed\"  btn_custom_text=\"#666\"  btn_outline_custom_color=\"#666\"  btn_outline_custom_hover_background=\"#666\"  btn_outline_custom_hover_text=\"#fff\"  btn_color=\"skincolor\"  btn_size=\"md\"  btn_add_icon=\"true\"  btn_i_align=\"right\"  btn_i_icon_fontawesome=\"fas fa-angle-double-right\"  add_icon=\"top\"  hover=\"none\"  main_icon_type=\"icon\"  i_type=\"fontawesome\"  i_icon_fontawesome=\"fas fa-city\"  i_icon_openiconic=\"vc-oi vc-oi-dial\"  i_icon_typicons=\"typcn typcn-adjust-brightness\"  i_icon_entypo=\"entypo-icon entypo-icon-note\"  i_icon_linecons=\"vc_li vc_li-heart\"  i_color=\"skincolor\"  i_background_style=\"rounded-outline\"  i_background_color=\"grey\"  i_size=\"xl\"  icon_type=\"icon\"  btn_align=\"left\"  i_css_animation=\"\" css_animation=\"\"]<\/p>\n<ul>\n<li>Asesor\u00eda y acompa\u00f1amiento en tr\u00e1mites de licencias urban\u00edsticas.<\/li>\n<li>Asesor\u00eda en planes de ordenamiento territorial, planes parciales, planes especiales de manejo y protecci\u00f3n.<\/li>\n<li>Conceptos de usos del suelo y edificabilidad.<\/li>\n<li>Estudios especializados de t\u00edtulos.<\/li>\n<li>Asesor\u00eda y representaci\u00f3n legal en casos de infracciones urban\u00edsticas.<\/li>\n<li>An\u00e1lisis de riesgo legal y urban\u00edstico para la compra de predios.<\/li>\n<\/ul>\n<p>[\/vc_cta]<\/div>[\/vc_column][\/vc_row][vc_row css=&#8221;.vc_custom_1662957743863{padding-top: 5px !important;padding-bottom: 5px !important;}&#8221;][vc_column width=&#8221;1\/2&#8243;]<div class=\"tm-sbox tm-sbox-iconalign-topleft none     \">[vc_cta h2=\"Derecho Ambiental\"  h2_google_fonts=\"font_family:Arimo%3Aregular%2Citalic%2C700%2C700italic|font_style:700%20bold%20regular%3A700%3Anormal\"  h4_google_fonts=\"font_family:Lato%3A100%2C100italic%2C300%2C300italic%2Cregular%2Citalic%2C700%2C700italic%2C900%2C900italic|font_style:300%20light%20regular%3A300%3Anormal\"  txt_align=\"left\"  heading_sep=\"no\"  shape=\"none\"  style=\"transparent\"  color=\"grey\"  add_button=\"bottom\"  btn_title=\"Leer m\u00e1s\"  btn_link=\"url:https%3A%2F%2Funionasesoresjuridicos.com.co%2Findex.php%2Fderecho-ambiental%2F|title:Derecho%20Ambiental\"  btn_style=\"classic\"  btn_gradient_color_1=\"turquoise\"  btn_gradient_color_2=\"blue\"  btn_custom_background=\"#ededed\"  btn_custom_text=\"#666\"  btn_outline_custom_color=\"#666\"  btn_outline_custom_hover_background=\"#666\"  btn_outline_custom_hover_text=\"#fff\"  btn_color=\"skincolor\"  btn_size=\"md\"  btn_add_icon=\"true\"  btn_i_align=\"right\"  btn_i_icon_fontawesome=\"fas fa-angle-double-right\"  add_icon=\"top\"  hover=\"none\"  main_icon_type=\"icon\"  i_type=\"fontawesome\"  i_icon_fontawesome=\"fab fa-envira\"  i_icon_openiconic=\"vc-oi vc-oi-dial\"  i_icon_typicons=\"typcn typcn-adjust-brightness\"  i_icon_entypo=\"entypo-icon entypo-icon-note\"  i_icon_linecons=\"vc_li vc_li-heart\"  i_color=\"skincolor\"  i_background_style=\"rounded-outline\"  i_background_color=\"grey\"  i_size=\"xl\"  icon_type=\"icon\"  btn_align=\"left\"  i_css_animation=\"\" css_animation=\"\"]<\/p>\n<ul>\n<li>Representaci\u00f3n Jur\u00eddica en Procesos sancionatorios Ambientales.<\/li>\n<li>Estudios de Impacto Ambiental.<\/li>\n<li>Estructuraci\u00f3n e implementaci\u00f3n de Planes de Manejo Recuperaci\u00f3n y Restauraci\u00f3n<br \/>\nAmbiental-PMRRA.<\/li>\n<li>Silvicultura de plantaciones forestales y bosque natural.<\/li>\n<li>Interventor\u00eda de proyectos ambientales.<\/li>\n<li>Valoraci\u00f3n econ\u00f3mica ambiental.<\/li>\n<\/ul>\n<p>[\/vc_cta]<\/div>[\/vc_column][vc_column width=&#8221;1\/2&#8243;]<div class=\"tm-sbox tm-sbox-iconalign-topleft none     \">[vc_cta h2=\"Derecho Civil\"  h2_google_fonts=\"font_family:Arimo%3Aregular%2Citalic%2C700%2C700italic|font_style:700%20bold%20regular%3A700%3Anormal\"  h4_google_fonts=\"font_family:Lato%3A100%2C100italic%2C300%2C300italic%2Cregular%2Citalic%2C700%2C700italic%2C900%2C900italic|font_style:300%20light%20regular%3A300%3Anormal\"  txt_align=\"left\"  heading_sep=\"no\"  shape=\"none\"  style=\"transparent\"  color=\"grey\"  add_button=\"bottom\"  btn_title=\"Leer m\u00e1s\"  btn_link=\"url:https%3A%2F%2Funionasesoresjuridicos.com.co%2Findex.php%2Fderecho-civil%2F|title:Derecho%20Civil\"  btn_style=\"classic\"  btn_gradient_color_1=\"turquoise\"  btn_gradient_color_2=\"blue\"  btn_custom_background=\"#ededed\"  btn_custom_text=\"#666\"  btn_outline_custom_color=\"#666\"  btn_outline_custom_hover_background=\"#666\"  btn_outline_custom_hover_text=\"#fff\"  btn_color=\"skincolor\"  btn_size=\"md\"  btn_add_icon=\"true\"  btn_i_align=\"right\"  btn_i_icon_fontawesome=\"fas fa-angle-double-right\"  add_icon=\"top\"  hover=\"none\"  main_icon_type=\"icon\"  i_type=\"fontawesome\"  i_icon_fontawesome=\"fas fa-user-shield\"  i_icon_openiconic=\"vc-oi vc-oi-dial\"  i_icon_typicons=\"typcn typcn-adjust-brightness\"  i_icon_entypo=\"entypo-icon entypo-icon-note\"  i_icon_linecons=\"vc_li vc_li-heart\"  i_color=\"skincolor\"  i_background_style=\"rounded-outline\"  i_background_color=\"grey\"  i_size=\"xl\"  icon_type=\"icon\"  btn_align=\"left\"  i_css_animation=\"\" css_animation=\"\"]<\/p>\n<ul>\n<li>Contratos.<\/li>\n<li>Responsabilidad civil, contractual o extracontractual.<\/li>\n<li>Fiducia Civil.<\/li>\n<li>Procesos Divisorios.<\/li>\n<li>Proceso Reivindicatorios.<\/li>\n<li>Proceso Pertenencia.<\/li>\n<li>Constituci\u00f3n y Cancelaci\u00f3n de Hipoteca.<\/li>\n<\/ul>\n<p>[\/vc_cta]<\/div>[\/vc_column][\/vc_row][vc_row css=&#8221;.vc_custom_1662957756456{padding-top: 5px !important;padding-bottom: 5px !important;}&#8221;][vc_column width=&#8221;1\/2&#8243;]<div class=\"tm-sbox tm-sbox-iconalign-topleft none     \">[vc_cta h2=\"Derecho de Familia\"  h2_google_fonts=\"font_family:Arimo%3Aregular%2Citalic%2C700%2C700italic|font_style:700%20bold%20regular%3A700%3Anormal\"  h4_google_fonts=\"font_family:Lato%3A100%2C100italic%2C300%2C300italic%2Cregular%2Citalic%2C700%2C700italic%2C900%2C900italic|font_style:300%20light%20regular%3A300%3Anormal\"  txt_align=\"left\"  heading_sep=\"no\"  shape=\"none\"  style=\"transparent\"  color=\"grey\"  add_button=\"bottom\"  btn_title=\"Leer m\u00e1s\"  btn_link=\"url:https%3A%2F%2Funionasesoresjuridicos.com.co%2Findex.php%2Fderecho-de-familia%2F|title:Derecho%20de%20Familia\"  btn_style=\"classic\"  btn_gradient_color_1=\"turquoise\"  btn_gradient_color_2=\"blue\"  btn_custom_background=\"#ededed\"  btn_custom_text=\"#666\"  btn_outline_custom_color=\"#666\"  btn_outline_custom_hover_background=\"#666\"  btn_outline_custom_hover_text=\"#fff\"  btn_color=\"skincolor\"  btn_size=\"md\"  btn_add_icon=\"true\"  btn_i_align=\"right\"  btn_i_icon_fontawesome=\"fas fa-angle-double-right\"  add_icon=\"top\"  hover=\"none\"  main_icon_type=\"icon\"  i_type=\"fontawesome\"  i_icon_fontawesome=\"fas fa-users\"  i_icon_openiconic=\"vc-oi vc-oi-dial\"  i_icon_typicons=\"typcn typcn-adjust-brightness\"  i_icon_entypo=\"entypo-icon entypo-icon-note\"  i_icon_linecons=\"vc_li vc_li-heart\"  i_color=\"skincolor\"  i_background_style=\"rounded-outline\"  i_background_color=\"grey\"  i_size=\"xl\"  icon_type=\"icon\"  btn_align=\"left\"  i_css_animation=\"\" css_animation=\"\"]<\/p>\n<ul>\n<li>Capitulaciones matrimoniales y maritales.<\/li>\n<li>Nulidad del matrimonio y Divorcios.<\/li>\n<li>Declaraci\u00f3n de uni\u00f3n marital de hecho y sociedad patrimonial.<\/li>\n<li>Separaci\u00f3n de bienes voluntarias y contenciosas.<\/li>\n<li>Disoluci\u00f3n y liquidaci\u00f3n de la sociedad conyugal y patrimonial.<\/li>\n<li>Protecci\u00f3n de personas en situaci\u00f3n de discapacidad.<\/li>\n<\/ul>\n<p>[\/vc_cta]<\/div>[\/vc_column][vc_column width=&#8221;1\/2&#8243;]<div class=\"tm-sbox tm-sbox-iconalign-topleft none      tm-shadowicon\">[vc_cta h2=\"Derecho Laboral\"  h2_google_fonts=\"font_family:Arimo%3Aregular%2Citalic%2C700%2C700italic|font_style:700%20bold%20regular%3A700%3Anormal\"  h4_google_fonts=\"font_family:Lato%3A100%2C100italic%2C300%2C300italic%2Cregular%2Citalic%2C700%2C700italic%2C900%2C900italic|font_style:300%20light%20regular%3A300%3Anormal\"  txt_align=\"left\"  heading_sep=\"no\"  shape=\"none\"  style=\"transparent\"  color=\"grey\"  add_button=\"bottom\"  btn_title=\"Leer m\u00e1s\"  btn_link=\"url:https%3A%2F%2Funionasesoresjuridicos.com.co%2Findex.php%2Fderecho-laboral%2F|title:Derecho%20Laboral\"  btn_style=\"classic\"  btn_gradient_color_1=\"turquoise\"  btn_gradient_color_2=\"blue\"  btn_custom_background=\"#ededed\"  btn_custom_text=\"#666\"  btn_outline_custom_color=\"#666\"  btn_outline_custom_hover_background=\"#666\"  btn_outline_custom_hover_text=\"#fff\"  btn_color=\"skincolor\"  btn_size=\"md\"  btn_add_icon=\"true\"  btn_i_align=\"right\"  btn_i_icon_fontawesome=\"fas fa-angle-double-right\"  add_icon=\"top\"  hover=\"none\"  main_icon_type=\"icon\"  i_type=\"fontawesome\"  i_icon_fontawesome=\"fas fa-briefcase\"  i_icon_openiconic=\"vc-oi vc-oi-dial\"  i_icon_typicons=\"typcn typcn-adjust-brightness\"  i_icon_entypo=\"entypo-icon entypo-icon-note\"  i_icon_linecons=\"vc_li vc_li-heart\"  i_color=\"skincolor\"  i_background_style=\"rounded-outline\"  icon_hover=\"yes\"  i_background_color=\"grey\"  i_size=\"xl\"  icon_type=\"icon\"  btn_align=\"left\"  i_css_animation=\"\" css_animation=\"\"]<\/p>\n<ul>\n<li>Revisi\u00f3n y elaboraci\u00f3n de contratos de trabajo.<\/li>\n<li>Acompa\u00f1amiento y capacitaci\u00f3n al Comit\u00e9 Paritario.<\/li>\n<li>Apoyo jur\u00eddico para el manejo de fuero de maternidad, salud, prepensionados.<\/li>\n<li>Atenci\u00f3n de querellas y conciliaciones ante el Ministerio de Trabajo.<\/li>\n<li>Asesor\u00edas en conceptos jur\u00eddicos.<\/li>\n<li>Asesor\u00eda en Seguridad Social.<\/li>\n<\/ul>\n<p>[\/vc_cta]<\/div>[\/vc_column][\/vc_row][vc_row css=&#8221;.vc_custom_1662957766120{padding-top: 5px !important;padding-bottom: 5px !important;}&#8221;][vc_column width=&#8221;1\/2&#8243;]<div class=\"tm-sbox tm-sbox-iconalign-topleft none     \">[vc_cta h2=\"Acciones Constitucionales\"  h2_google_fonts=\"font_family:Arimo%3Aregular%2Citalic%2C700%2C700italic|font_style:700%20bold%20regular%3A700%3Anormal\"  h4_google_fonts=\"font_family:Lato%3A100%2C100italic%2C300%2C300italic%2Cregular%2Citalic%2C700%2C700italic%2C900%2C900italic|font_style:300%20light%20regular%3A300%3Anormal\"  txt_align=\"left\"  heading_sep=\"no\"  shape=\"none\"  style=\"transparent\"  color=\"grey\"  add_button=\"bottom\"  btn_title=\"Leer m\u00e1s\"  btn_link=\"url:https%3A%2F%2Funionasesoresjuridicos.com.co%2Findex.php%2Facciones-constitucionales%2F|title:Acciones%20Constitucionales\"  btn_style=\"classic\"  btn_gradient_color_1=\"turquoise\"  btn_gradient_color_2=\"blue\"  btn_custom_background=\"#ededed\"  btn_custom_text=\"#666\"  btn_outline_custom_color=\"#666\"  btn_outline_custom_hover_background=\"#666\"  btn_outline_custom_hover_text=\"#fff\"  btn_color=\"skincolor\"  btn_size=\"md\"  btn_add_icon=\"true\"  btn_i_align=\"right\"  btn_i_icon_fontawesome=\"fas fa-angle-double-right\"  add_icon=\"top\"  hover=\"none\"  main_icon_type=\"icon\"  i_type=\"fontawesome\"  i_icon_fontawesome=\"fas fa-gavel\"  i_icon_openiconic=\"vc-oi vc-oi-dial\"  i_icon_typicons=\"typcn typcn-adjust-brightness\"  i_icon_entypo=\"entypo-icon entypo-icon-note\"  i_icon_linecons=\"vc_li vc_li-heart\"  i_color=\"skincolor\"  i_background_style=\"rounded-outline\"  i_background_color=\"grey\"  i_size=\"xl\"  icon_type=\"icon\"  btn_align=\"left\"  i_css_animation=\"\" css_animation=\"\"]<\/p>\n<ul>\n<li>Acci\u00f3n de Tutela.<\/li>\n<li>Acci\u00f3n de Cumplimiento.<\/li>\n<li>Acci\u00f3n Popular.<\/li>\n<li>Acci\u00f3n de Grupo.<\/li>\n<li>Acci\u00f3n de Inconstitucionalidad.<\/li>\n<li>Acci\u00f3n de Repetici\u00f3n.<\/li>\n<li>Habeas Data.<\/li>\n<li>Derecho de Petici\u00f3n.<\/li>\n<\/ul>\n<p>[\/vc_cta]<\/div>[\/vc_column][\/vc_row][vc_row full_width=&#8221;stretch_row&#8221; parallax=&#8221;content-moving&#8221; parallax_image=&#8221;133&#8243; parallax_speed_bg=&#8221;4.5&#8243; bgtype=&#8221;dark&#8221; css=&#8221;.vc_custom_1662957663184{padding-top: 100px !important;padding-bottom: 100px !important;}&#8221;][vc_column width=&#8221;4\/4&#8243;][vc_custom_heading text=&#8221;&#8220;No se puede matar la verdad. No se puede matar la justicia. No se puede matar aquello por lo que luchamos&#8220;. (Jean Dominique)&#8221; font_container=&#8221;tag:h1|font_size:26px|text_align:center&#8221; use_theme_fonts=&#8221;yes&#8221; css=&#8221;.vc_custom_1662955090621{padding-top: 7px !important;}&#8221;][vc_custom_heading text=&#8221;La injusticia, en cualquier parte, es una amenaza a la justicia en todas partes (Martin Luther King)&#8221; font_container=&#8221;tag:p|font_size:23px|text_align:center|line_height:23px&#8221; use_theme_fonts=&#8221;yes&#8221;][vc_btn title=&#8221;SOLICITA UNA CONSULTA&#8221; style=&#8221;outline&#8221; color=&#8221;white&#8221; align=&#8221;center&#8221; css=&#8221;.vc_custom_1662958434219{margin-top: 11px !important;}&#8221; link=&#8221;url:https%3A%2F%2Funionasesoresjuridicos.com.co%2Findex.php%2Fcontactenos%2F|title:Cont%C3%A1ctenos&#8221;][\/vc_column][\/vc_row]<\/p>\n<\/section>","protected":false},"excerpt":{"rendered":"<p>[vc_row css=&#8221;.vc_custom_1662954319813{padding-bottom: 0px !important;}&#8221;][vc_column width=&#8221;1\/2&#8243;][\/vc_column][vc_column width=&#8221;1\/2&#8243;][vc_btn title=&#8221;SOLICITA UNA CONSULTA&#8221; style=&#8221;classic&#8221; size=&#8221;lg&#8221; align=&#8221;right&#8221; link=&#8221;url:https%3A%2F%2Funionasesoresjuridicos.com.co%2Findex.php%2Fcontactenos%2F|title:Cont%C3%A1ctenos&#8221;][\/vc_column][\/vc_row][vc_row css=&#8221;.vc_custom_1662957727273{padding-top: 10px !important;padding-bottom: 10px !important;}&#8221;][vc_column width=&#8221;1\/2&#8243; css=&#8221;.vc_custom_1662954254014{padding-top: 0px !important;padding-bottom: 0px !important;}&#8221;][\/vc_column][vc_column width=&#8221;1\/2&#8243;][\/vc_column][\/vc_row][vc_row css=&#8221;.vc_custom_1662957743863{padding-top: 5px !important;padding-bottom: 5px !important;}&#8221;][vc_column width=&#8221;1\/2&#8243;][\/vc_column][vc_column width=&#8221;1\/2&#8243;][\/vc_column][\/vc_row][vc_row css=&#8221;.vc_custom_1662957756456{padding-top: 5px !important;padding-bottom: 5px !important;}&#8221;][vc_column width=&#8221;1\/2&#8243;][\/vc_column][vc_column width=&#8221;1\/2&#8243;][\/vc_column][\/vc_row][vc_row css=&#8221;.vc_custom_1662957766120{padding-top: 5px !important;padding-bottom: 5px !important;}&#8221;][vc_column width=&#8221;1\/2&#8243;][\/vc_column][\/vc_row][vc_row full_width=&#8221;stretch_row&#8221; parallax=&#8221;content-moving&#8221; parallax_image=&#8221;133&#8243; parallax_speed_bg=&#8221;4.5&#8243; bgtype=&#8221;dark&#8221; css=&#8221;.vc_custom_1662957663184{padding-top: 100px !important;padding-bottom: 100px !important;}&#8221;][vc_column [&hellip;]<\/p>\n","protected":false},"author":2,"featured_media":0,"parent":0,"menu_order":0,"comment_status":"closed","ping_status":"closed","template":"","meta":{"_joinchat":[],"footnotes":""},"class_list":["post-11140","page","type-page","status-publish","hentry"],"_links":{"self":[{"href":"https:\/\/unionasesoresjuridicos.com.co\/index.php\/wp-json\/wp\/v2\/pages\/11140","targetHints":{"allow":["GET"]}}],"collection":[{"href":"https:\/\/unionasesoresjuridicos.com.co\/index.php\/wp-json\/wp\/v2\/pages"}],"about":[{"href":"https:\/\/unionasesoresjuridicos.com.co\/index.php\/wp-json\/wp\/v2\/types\/page"}],"author":[{"embeddable":true,"href":"https:\/\/unionasesoresjuridicos.com.co\/index.php\/wp-json\/wp\/v2\/users\/2"}],"replies":[{"embeddable":true,"href":"https:\/\/unionasesoresjuridicos.com.co\/index.php\/wp-json\/wp\/v2\/comments?post=11140"}],"version-history":[{"count":29,"href":"https:\/\/unionasesoresjuridicos.com.co\/index.php\/wp-json\/wp\/v2\/pages\/11140\/revisions"}],"predecessor-version":[{"id":11545,"href":"https:\/\/unionasesoresjuridicos.com.co\/index.php\/wp-json\/wp\/v2\/pages\/11140\/revisions\/11545"}],"wp:attachment":[{"href":"https:\/\/unionasesoresjuridicos.com.co\/index.php\/wp-json\/wp\/v2\/media?parent=11140"}],"curies":[{"name":"wp","href":"https:\/\/api.w.org\/{rel}","templated":true}]}}