{"id":10786,"date":"2014-07-21T07:08:03","date_gmt":"2014-07-21T07:08:03","guid":{"rendered":"http:\/\/apicona-data.thememount.com\/?page_id=77"},"modified":"2022-10-03T23:51:07","modified_gmt":"2022-10-03T23:51:07","slug":"equipo","status":"publish","type":"page","link":"https:\/\/unionasesoresjuridicos.com.co\/index.php\/equipo\/","title":{"rendered":"Equipo"},"content":{"rendered":"<section class=\"wpb-content-wrapper\"><p>[vc_row css=&#8221;.vc_custom_1662257918713{padding-bottom: 0px !important;}&#8221;][vc_column width=&#8221;1\/2&#8243;][vc_single_image image=&#8221;11124&#8243; img_size=&#8221;500&#215;550&#8243;][\/vc_column][vc_column width=&#8221;1\/2&#8243;]<div class=\"tm-element-heading-wrapper tm-heading-inner tm-element-align-left tm-heading-with-separator \">[vc_cta h2=\"QUIENES SOMOS\"  h2_google_fonts=\"font_family:Arimo%3Aregular%2Citalic%2C700%2C700italic|font_style:700%20bold%20regular%3A700%3Anormal\"  h4=\"Bienvenidos\"  h4_google_fonts=\"font_family:Lato%3A100%2C100italic%2C300%2C300italic%2Cregular%2Citalic%2C700%2C700italic%2C900%2C900italic|font_style:300%20light%20regular%3A300%3Anormal\"  txt_align=\"left\"  heading_sep=\"yes\"  i_css_animation=\"\" css_animation=\"\"][\/vc_cta]<\/div> <!-- .tm-element-heading-wrapper container --> [vc_column_text]UNI\u00d3N Asesores &amp; Consultores Jur\u00eddicos S.A.S, es una firma de abogados en Colombia que re\u00fane el talento y experiencia de m\u00e1s de 18 a\u00f1os de un equipo de profesionales integrales y especializados en el sector de la construcci\u00f3n, inmobiliario, urban\u00edstico y registral. Con un eje principal en el Derecho Inmobiliario integrando diferentes disciplinas que se relacionan directamente como son Derecho de Familia, Derecho Civil, Derecho Ambiental y Derecho Laboral.<\/p>\n<p><strong>MISI\u00d3N<\/strong><br \/>\nEn UNI\u00d3N Asesores &amp; Consultores Jur\u00eddicos S.A.S, estamos orientados a ofrecerle a nuestros clientes una asesor\u00eda y consultor\u00eda innovadora legal y comercial identificando soluciones jur\u00eddicas, sociales y econ\u00f3micas eficaces y eficientes para la resoluci\u00f3n a problemas complejos a trav\u00e9s de la representaci\u00f3n y\/o defensa jur\u00eddica de sus intereses asumiendo sus causas como propias.<\/p>\n<p><strong>VISI\u00d3N<\/strong><br \/>\nUNI\u00d3N Asesores &amp; Consultores Jur\u00eddicos S.A.S ser\u00e1 una firma que liderar\u00e1 a mediano plazo la prestaci\u00f3n de servicios legales y jur\u00eddicos en Colombia, a trav\u00e9s de alianzas estrat\u00e9gicas innovadoras, incluyentes y altamente competitivos.[\/vc_column_text][\/vc_column][\/vc_row][vc_row css=&#8221;.vc_custom_1662219575058{padding-bottom: 70px !important;}&#8221;][vc_column]<div class=\"tm-element-heading-wrapper tm-heading-inner tm-element-align-left tm-heading-with-separator \">[vc_cta h2=\"\u00bfPOR QU\u00c9 ELEGIRNOS?\"  h2_google_fonts=\"font_family:Arimo%3Aregular%2Citalic%2C700%2C700italic|font_style:700%20bold%20regular%3A700%3Anormal\"  h4=\"\u00a1Elecci\u00f3n Correcta!\"  h4_google_fonts=\"font_family:Lato%3A100%2C100italic%2C300%2C300italic%2Cregular%2Citalic%2C700%2C700italic%2C900%2C900italic|font_style:300%20light%20regular%3A300%3Anormal\"  txt_align=\"left\"  heading_sep=\"yes\"  i_css_animation=\"\" css_animation=\"\"][\/vc_cta]<\/div> <!-- .tm-element-heading-wrapper container --> [\/vc_column][vc_column width=&#8221;1\/2&#8243;]<div class=\"tm-sbox tm-sbox-iconalign-left none     \">[vc_cta h2=\"RESPONSABILIDAD\"  h2_google_fonts=\"font_family:Arimo%3Aregular%2Citalic%2C700%2C700italic|font_style:700%20bold%20regular%3A700%3Anormal\"  h4_google_fonts=\"font_family:Lato%3A100%2C100italic%2C300%2C300italic%2Cregular%2Citalic%2C700%2C700italic%2C900%2C900italic|font_style:300%20light%20regular%3A300%3Anormal\"  txt_align=\"left\"  heading_sep=\"no\"  shape=\"none\"  style=\"transparent\"  color=\"grey\"  btn_title=\"Read More\"  btn_style=\"text\"  btn_gradient_color_1=\"turquoise\"  btn_gradient_color_2=\"blue\"  btn_custom_background=\"#ededed\"  btn_custom_text=\"#666\"  btn_outline_custom_color=\"#666\"  btn_outline_custom_hover_background=\"#666\"  btn_outline_custom_hover_text=\"#fff\"  btn_color=\"skincolor\"  btn_size=\"md\"  add_icon=\"left\"  hover=\"none\"  main_icon_type=\"icon\"  i_type=\"fontawesome\"  i_icon_fontawesome=\"fas fa-users\"  i_icon_openiconic=\"vc-oi vc-oi-dial\"  i_icon_typicons=\"typcn typcn-adjust-brightness\"  i_icon_entypo=\"entypo-icon entypo-icon-note\"  i_icon_linecons=\"vc_li vc_li-heart\"  i_color=\"white\"  i_background_style=\"rounded-less\"  i_background_color=\"skincolor\"  i_size=\"lg\"  icon_type=\"icon\"  btn_align=\"left\"  i_css_animation=\"\" css_animation=\"\"]Porque asumimos cada causa como propia, nuestro equipo se compromete a llevar su asunto de una forma diligente y comprometidos para dar el mejor resultado.[\/vc_cta]<\/div><div class=\"tm-sbox tm-sbox-iconalign-left none     \">[vc_cta h2=\"JUSTICIA\"  h2_google_fonts=\"font_family:Arimo%3Aregular%2Citalic%2C700%2C700italic|font_style:700%20bold%20regular%3A700%3Anormal\"  h4_google_fonts=\"font_family:Lato%3A100%2C100italic%2C300%2C300italic%2Cregular%2Citalic%2C700%2C700italic%2C900%2C900italic|font_style:300%20light%20regular%3A300%3Anormal\"  txt_align=\"left\"  heading_sep=\"no\"  shape=\"none\"  style=\"transparent\"  color=\"grey\"  btn_title=\"Read More\"  btn_style=\"text\"  btn_gradient_color_1=\"turquoise\"  btn_gradient_color_2=\"blue\"  btn_custom_background=\"#ededed\"  btn_custom_text=\"#666\"  btn_outline_custom_color=\"#666\"  btn_outline_custom_hover_background=\"#666\"  btn_outline_custom_hover_text=\"#fff\"  btn_color=\"skincolor\"  btn_size=\"md\"  add_icon=\"left\"  hover=\"none\"  main_icon_type=\"icon\"  i_type=\"fontawesome\"  i_icon_fontawesome=\"fas fa-balance-scale\"  i_icon_openiconic=\"vc-oi vc-oi-dial\"  i_icon_typicons=\"typcn typcn-adjust-brightness\"  i_icon_entypo=\"entypo-icon entypo-icon-note\"  i_icon_linecons=\"vc_li vc_li-heart\"  i_color=\"white\"  i_background_style=\"rounded-less\"  i_background_color=\"skincolor\"  i_size=\"lg\"  icon_type=\"icon\"  btn_align=\"left\"  i_css_animation=\"\" css_animation=\"\"]Porque estamos a favor de la verdad y estamos convencidos de que la justicia existe y debe ser para todos, nadie debe estar excluido de lo contrario, ya no ser\u00eda justicia.[\/vc_cta]<\/div>[\/vc_column][vc_column width=&#8221;1\/2&#8243;]<div class=\"tm-sbox tm-sbox-iconalign-left none     \">[vc_cta h2=\"INDEPENDENCIA E INTEGRIDAD\"  h2_google_fonts=\"font_family:Arimo%3Aregular%2Citalic%2C700%2C700italic|font_style:700%20bold%20regular%3A700%3Anormal\"  h4_google_fonts=\"font_family:Lato%3A100%2C100italic%2C300%2C300italic%2Cregular%2Citalic%2C700%2C700italic%2C900%2C900italic|font_style:300%20light%20regular%3A300%3Anormal\"  txt_align=\"left\"  heading_sep=\"no\"  shape=\"none\"  style=\"transparent\"  color=\"grey\"  btn_title=\"Read More\"  btn_style=\"text\"  btn_gradient_color_1=\"turquoise\"  btn_gradient_color_2=\"blue\"  btn_custom_background=\"#ededed\"  btn_custom_text=\"#666\"  btn_outline_custom_color=\"#666\"  btn_outline_custom_hover_background=\"#666\"  btn_outline_custom_hover_text=\"#fff\"  btn_color=\"skincolor\"  btn_size=\"md\"  add_icon=\"left\"  hover=\"none\"  main_icon_type=\"icon\"  i_type=\"fontawesome\"  i_icon_fontawesome=\"fas fa-sign-language\"  i_icon_openiconic=\"vc-oi vc-oi-dial\"  i_icon_typicons=\"typcn typcn-adjust-brightness\"  i_icon_entypo=\"entypo-icon entypo-icon-note\"  i_icon_linecons=\"vc_li vc_li-heart\"  i_color=\"white\"  i_background_style=\"rounded-less\"  i_background_color=\"skincolor\"  i_size=\"lg\"  icon_type=\"icon\"  btn_align=\"left\"  i_css_animation=\"\" css_animation=\"\"]Somos una firma de abogados innovadora que va m\u00e1s all\u00e1 de lo obvio que trabaja de la mano con sus clientes, entendiendo siempre sus necesidades para la consecuci\u00f3n de su inter\u00e9s.[\/vc_cta]<\/div><div class=\"tm-sbox tm-sbox-iconalign-left none     \">[vc_cta h2=\"CONFIANZA\"  h2_google_fonts=\"font_family:Arimo%3Aregular%2Citalic%2C700%2C700italic|font_style:700%20bold%20regular%3A700%3Anormal\"  h4_google_fonts=\"font_family:Lato%3A100%2C100italic%2C300%2C300italic%2Cregular%2Citalic%2C700%2C700italic%2C900%2C900italic|font_style:300%20light%20regular%3A300%3Anormal\"  txt_align=\"left\"  heading_sep=\"no\"  shape=\"none\"  style=\"transparent\"  color=\"grey\"  btn_title=\"Read More\"  btn_style=\"text\"  btn_gradient_color_1=\"turquoise\"  btn_gradient_color_2=\"blue\"  btn_custom_background=\"#ededed\"  btn_custom_text=\"#666\"  btn_outline_custom_color=\"#666\"  btn_outline_custom_hover_background=\"#666\"  btn_outline_custom_hover_text=\"#fff\"  btn_color=\"skincolor\"  btn_size=\"md\"  add_icon=\"left\"  hover=\"none\"  main_icon_type=\"icon\"  i_type=\"fontawesome\"  i_icon_fontawesome=\"fas fa-check-circle\"  i_icon_openiconic=\"vc-oi vc-oi-dial\"  i_icon_typicons=\"typcn typcn-adjust-brightness\"  i_icon_entypo=\"entypo-icon entypo-icon-note\"  i_icon_linecons=\"vc_li vc_li-heart\"  i_color=\"white\"  i_background_style=\"rounded-less\"  i_background_color=\"skincolor\"  i_size=\"lg\"  icon_type=\"icon\"  btn_align=\"left\"  i_css_animation=\"\" css_animation=\"\"]Lo m\u00e1s importante para nosotros es construir lazos de amistad y buenas relaciones en la cual nuestros clientes se sientan respaldados toda su vida.[\/vc_cta]<\/div>[\/vc_column][\/vc_row][vc_row full_width=&#8221;stretch_row&#8221; bgtype=&#8221;grey&#8221; css=&#8221;.vc_custom_1457086002495{padding-bottom: 65px !important;}&#8221;][vc_column][\/vc_column][\/vc_row][vc_row][vc_column]\n\t<div class=\"thememount-client-wrapper thememount-client-view-carousel thememount-client-column-three thememount-effect-carousel thememount-carousel-col-three thememount-with-pagination \"   data-autoplay=\"0\"  data-autoplayspeed=\"800\"  data-autoplaytimeout=\"4500\"  data-loop=\"1\"  data-animatein=\"\"  data-animateout=\"\"  data-dots=\"true\"  data-nav=\"false\"  data-autoplayHoverPause=\"true\" ><div class=\"tm-element-heading-wrapper tm-heading-inner tm-element-align-center \"><div class=\"tm-element-heading-wrapper tm-heading-inner tm-element-align-center tm-heading-with-separator \">[vc_cta h2=\"Aliados Estrat\u00e9gicos Uni\u00f3n Asesores & Consultores Jur\u00eddicos\"  h2_google_fonts=\"font_family:Arimo%3Aregular%2Citalic%2C700%2C700italic|font_style:700%20bold%20regular%3A700%3Anormal\"  h4_google_fonts=\"font_family:Lato%3A100%2C100italic%2C300%2C300italic%2Cregular%2Citalic%2C700%2C700italic%2C900%2C900italic|font_style:300%20light%20regular%3A300%3Anormal\"  txt_align=\"center\"  heading_sep=\"yes\"  i_css_animation=\"\" css_animation=\"\"][\/vc_cta]<\/div> <!-- .tm-element-heading-wrapper container --> <\/div> <!-- .tm-element-heading-wrapper container --> <div class=\" thememount-clients thememount-carousel-items-wrapper owl-carousel owl-theme\"><div class=\"col-lg-4 col-sm-6 col-md-4 col-xs-12 tm-box\"><a href=\"javascript:void(0);\"  class=\"hint--top\" data-hint=\"Affabre Proyecto y Gesti\u00f3n\"><img loading=\"lazy\" decoding=\"async\" width=\"324\" height=\"120\" src=\"https:\/\/unionasesoresjuridicos.com.co\/wp-content\/uploads\/2022\/09\/Logo-Horizontal-Affabre.png\" class=\"attachment-full size-full wp-post-image\" alt=\"\" data-id=\"11398\"><\/a><\/div><div class=\"col-lg-4 col-sm-6 col-md-4 col-xs-12 tm-box\"><a href=\"https:\/\/sjai.com.co\/\" target=\"_blank\" class=\"hint--top\" data-hint=\"Soluciones Jur\u00eddicas &#038; Ambientales Integrales S.A.S.\" rel=\"noopener\"><img loading=\"lazy\" decoding=\"async\" width=\"324\" height=\"120\" src=\"https:\/\/unionasesoresjuridicos.com.co\/wp-content\/uploads\/2022\/09\/Logo-Horizontal-Soluciones-Juridicas.png\" class=\"attachment-full size-full wp-post-image\" alt=\"\" data-id=\"11399\"><\/a><\/div><div class=\"col-lg-4 col-sm-6 col-md-4 col-xs-12 tm-box\"><a href=\"https:\/\/www.oneturpial.com\/\" target=\"_blank\" class=\"hint--top\" data-hint=\"OneTurpial\" rel=\"noopener\"><img loading=\"lazy\" decoding=\"async\" width=\"324\" height=\"120\" src=\"https:\/\/unionasesoresjuridicos.com.co\/wp-content\/uploads\/2022\/09\/Logo-Horizontal-One-Turpial-1.png\" class=\"attachment-full size-full wp-post-image\" alt=\"\" data-id=\"11397\"><\/a><\/div>\n\t<\/div><\/div>[\/vc_column][\/vc_row]<\/p>\n<\/section>","protected":false},"excerpt":{"rendered":"<p>[vc_row css=&#8221;.vc_custom_1662257918713{padding-bottom: 0px !important;}&#8221;][vc_column width=&#8221;1\/2&#8243;][vc_single_image image=&#8221;11124&#8243; img_size=&#8221;500&#215;550&#8243;][\/vc_column][vc_column width=&#8221;1\/2&#8243;][vc_column_text]UNI\u00d3N Asesores &amp; Consultores Jur\u00eddicos S.A.S, es una firma de abogados en Colombia que re\u00fane el talento y experiencia de m\u00e1s de 18 a\u00f1os de un equipo de profesionales integrales y especializados en el sector de la construcci\u00f3n, inmobiliario, urban\u00edstico y registral. Con un eje principal en el [&hellip;]<\/p>\n","protected":false},"author":2,"featured_media":0,"parent":0,"menu_order":5,"comment_status":"closed","ping_status":"open","template":"","meta":{"_joinchat":[],"footnotes":""},"class_list":["post-10786","page","type-page","status-publish","hentry"],"_links":{"self":[{"href":"https:\/\/unionasesoresjuridicos.com.co\/index.php\/wp-json\/wp\/v2\/pages\/10786","targetHints":{"allow":["GET"]}}],"collection":[{"href":"https:\/\/unionasesoresjuridicos.com.co\/index.php\/wp-json\/wp\/v2\/pages"}],"about":[{"href":"https:\/\/unionasesoresjuridicos.com.co\/index.php\/wp-json\/wp\/v2\/types\/page"}],"author":[{"embeddable":true,"href":"https:\/\/unionasesoresjuridicos.com.co\/index.php\/wp-json\/wp\/v2\/users\/2"}],"replies":[{"embeddable":true,"href":"https:\/\/unionasesoresjuridicos.com.co\/index.php\/wp-json\/wp\/v2\/comments?post=10786"}],"version-history":[{"count":14,"href":"https:\/\/unionasesoresjuridicos.com.co\/index.php\/wp-json\/wp\/v2\/pages\/10786\/revisions"}],"predecessor-version":[{"id":11557,"href":"https:\/\/unionasesoresjuridicos.com.co\/index.php\/wp-json\/wp\/v2\/pages\/10786\/revisions\/11557"}],"wp:attachment":[{"href":"https:\/\/unionasesoresjuridicos.com.co\/index.php\/wp-json\/wp\/v2\/media?parent=10786"}],"curies":[{"name":"wp","href":"https:\/\/api.w.org\/{rel}","templated":true}]}}